{"id":10257,"date":"2026-02-21T12:52:05","date_gmt":"2026-02-21T12:52:05","guid":{"rendered":"https:\/\/www.belgasorozo.com\/?post_type=product&#038;p=10257"},"modified":"2026-02-21T13:07:00","modified_gmt":"2026-02-21T13:07:00","slug":"lindemans-tarot-dor","status":"publish","type":"product","link":"https:\/\/www.belgasorozo.com\/en\/product\/lindemans-tarot-dor\/","title":{"rendered":"Lindemans Tarot D\u2019or"},"content":{"rendered":"<h3>8% erdei gy\u00fcm\u00f6lcs\u00f6s lambic<\/h3>\n<p><a href=\"http:\/\/patermarcus.mintaka.alfanet.hu\/rolunk\/sorfozdek\/lindemans-sorfozde-1869-vlenzenbeek-brabant\/\">Lindemans S\u00f6rf\u0151zde (1869), Vlenzenbeek, Brabant<\/a><\/p>\n<p>Krist\u00e1lyg\u00f6mb\u00fcnk azt mondja, hogy \u00e9lvezni fogja a m\u00e9ly, rubinv\u00f6r\u00f6s sz\u00edn\u00e9t a s\u00f6t\u00e9t gy\u00fcm\u00f6lcs\u00f6k, f\u00fclledt, intenz\u00edv \u00e9s term\u00e9szetes arom\u00e1j\u00e1t.<br \/>\nKellemes sav \u00e9s meglep\u0151en l\u00e1gy, m\u00e9gis friss\u00edt\u0151 v\u00e9geredm\u00e9ny teszi teljess\u00e9 az igaz\u00e1n var\u00e1zslatos \u00e9lm\u00e9nyt.<\/p>\n","protected":false},"excerpt":{"rendered":"<p>8% erdei gy\u00fcm\u00f6lcs\u00f6s lambic Lindemans S\u00f6rf\u0151zde (1869), Vlenzenbeek, Brabant Krist\u00e1lyg\u00f6mb\u00fcnk azt mondja, hogy \u00e9lvezni fogja a m\u00e9ly, rubinv\u00f6r\u00f6s sz\u00edn\u00e9t a s\u00f6t\u00e9t gy\u00fcm\u00f6lcs\u00f6k, f\u00fclledt, intenz\u00edv \u00e9s term\u00e9szetes arom\u00e1j\u00e1t. Kellemes sav \u00e9s meglep\u0151en l\u00e1gy, m\u00e9gis friss\u00edt\u0151 v\u00e9geredm\u00e9ny teszi teljess\u00e9 az igaz\u00e1n var\u00e1zslatos [&hellip;]<\/p>\n","protected":false},"featured_media":10238,"comment_status":"closed","ping_status":"closed","template":"","meta":[],"product_brand":[],"product_cat":[128],"product_tag":[],"class_list":{"0":"post-10257","1":"product","2":"type-product","3":"status-publish","4":"has-post-thumbnail","6":"product_cat-fruit-beers","8":"first","9":"instock","10":"shipping-taxable","11":"purchasable","12":"product-type-simple"},"aioseo_notices":[],"_links":{"self":[{"href":"https:\/\/www.belgasorozo.com\/en\/wp-json\/wp\/v2\/product\/10257","targetHints":{"allow":["GET"]}}],"collection":[{"href":"https:\/\/www.belgasorozo.com\/en\/wp-json\/wp\/v2\/product"}],"about":[{"href":"https:\/\/www.belgasorozo.com\/en\/wp-json\/wp\/v2\/types\/product"}],"replies":[{"embeddable":true,"href":"https:\/\/www.belgasorozo.com\/en\/wp-json\/wp\/v2\/comments?post=10257"}],"wp:featuredmedia":[{"embeddable":true,"href":"https:\/\/www.belgasorozo.com\/en\/wp-json\/wp\/v2\/media\/10238"}],"wp:attachment":[{"href":"https:\/\/www.belgasorozo.com\/en\/wp-json\/wp\/v2\/media?parent=10257"}],"wp:term":[{"taxonomy":"product_brand","embeddable":true,"href":"https:\/\/www.belgasorozo.com\/en\/wp-json\/wp\/v2\/product_brand?post=10257"},{"taxonomy":"product_cat","embeddable":true,"href":"https:\/\/www.belgasorozo.com\/en\/wp-json\/wp\/v2\/product_cat?post=10257"},{"taxonomy":"product_tag","embeddable":true,"href":"https:\/\/www.belgasorozo.com\/en\/wp-json\/wp\/v2\/product_tag?post=10257"}],"curies":[{"name":"wp","href":"https:\/\/api.w.org\/{rel}","templated":true}]}}