{"id":10260,"date":"2026-02-21T12:49:45","date_gmt":"2026-02-21T12:49:45","guid":{"rendered":"https:\/\/www.belgasorozo.com\/?post_type=product&#038;p=10260"},"modified":"2026-02-21T13:07:47","modified_gmt":"2026-02-21T13:07:47","slug":"kasteel-tropical","status":"publish","type":"product","link":"https:\/\/www.belgasorozo.com\/en\/product\/kasteel-tropical\/","title":{"rendered":"Kasteel Tropical"},"content":{"rendered":"<h3><strong>7% tr\u00f3pusigy\u00fcm\u00f6pcs\u00f6s vil\u00e1gos ale<\/strong><\/h3>\n<p>Van Honsebrouck S\u00f6rf\u0151zde (1900), Ingelmunster<\/p>\n<p>A Kasteel Tropical egy friss s\u00f6rk\u00fcl\u00f6nlegess\u00e9g, \u00e9l\u00e9nk, s\u00e1rga sz\u00edn\u00e9vel, amely a maracuja tr\u00f3pusi illat\u00e1val t\u00f6lti meg az orr\u00e1t. \u00c9lvezze a friss tr\u00f3pusi gy\u00fcm\u00f6lcs\u00f6k intenz\u00edv \u00edz\u00e9t, enyh\u00e9n \u00e9des anan\u00e1szos jegyekkel \u00e9s a mang\u00f3 teljes \u00edz\u00e9vel &#8211; t\u00f6k\u00e9letesen kiegyens\u00falyozva a maracuja friss savass\u00e1g\u00e1val. A tr\u00f3pusi \u00edzek finoman megmaradnak a sz\u00e1raz, enyh\u00e9n keserny\u00e9s ut\u00f3\u00edzben. K\u00e9szen \u00e1ll a tr\u00f3pusok \u00edz\u00e9re?<\/p>\n","protected":false},"excerpt":{"rendered":"<p>7% tr\u00f3pusigy\u00fcm\u00f6pcs\u00f6s vil\u00e1gos ale Van Honsebrouck S\u00f6rf\u0151zde (1900), Ingelmunster A Kasteel Tropical egy friss s\u00f6rk\u00fcl\u00f6nlegess\u00e9g, \u00e9l\u00e9nk, s\u00e1rga sz\u00edn\u00e9vel, amely a maracuja tr\u00f3pusi illat\u00e1val t\u00f6lti meg az orr\u00e1t. \u00c9lvezze a friss tr\u00f3pusi gy\u00fcm\u00f6lcs\u00f6k intenz\u00edv \u00edz\u00e9t, enyh\u00e9n \u00e9des anan\u00e1szos jegyekkel \u00e9s a [&hellip;]<\/p>\n","protected":false},"featured_media":10236,"comment_status":"closed","ping_status":"closed","template":"","meta":[],"product_brand":[],"product_cat":[128],"product_tag":[],"class_list":{"0":"post-10260","1":"product","2":"type-product","3":"status-publish","4":"has-post-thumbnail","6":"product_cat-fruit-beers","8":"first","9":"instock","10":"shipping-taxable","11":"purchasable","12":"product-type-simple"},"aioseo_notices":[],"_links":{"self":[{"href":"https:\/\/www.belgasorozo.com\/en\/wp-json\/wp\/v2\/product\/10260","targetHints":{"allow":["GET"]}}],"collection":[{"href":"https:\/\/www.belgasorozo.com\/en\/wp-json\/wp\/v2\/product"}],"about":[{"href":"https:\/\/www.belgasorozo.com\/en\/wp-json\/wp\/v2\/types\/product"}],"replies":[{"embeddable":true,"href":"https:\/\/www.belgasorozo.com\/en\/wp-json\/wp\/v2\/comments?post=10260"}],"wp:featuredmedia":[{"embeddable":true,"href":"https:\/\/www.belgasorozo.com\/en\/wp-json\/wp\/v2\/media\/10236"}],"wp:attachment":[{"href":"https:\/\/www.belgasorozo.com\/en\/wp-json\/wp\/v2\/media?parent=10260"}],"wp:term":[{"taxonomy":"product_brand","embeddable":true,"href":"https:\/\/www.belgasorozo.com\/en\/wp-json\/wp\/v2\/product_brand?post=10260"},{"taxonomy":"product_cat","embeddable":true,"href":"https:\/\/www.belgasorozo.com\/en\/wp-json\/wp\/v2\/product_cat?post=10260"},{"taxonomy":"product_tag","embeddable":true,"href":"https:\/\/www.belgasorozo.com\/en\/wp-json\/wp\/v2\/product_tag?post=10260"}],"curies":[{"name":"wp","href":"https:\/\/api.w.org\/{rel}","templated":true}]}}