{"id":10261,"date":"2026-02-21T12:49:59","date_gmt":"2026-02-21T12:49:59","guid":{"rendered":"https:\/\/www.belgasorozo.com\/?post_type=product&#038;p=10261"},"modified":"2026-02-21T13:08:12","modified_gmt":"2026-02-21T13:08:12","slug":"belgian-coast-ipa","status":"publish","type":"product","link":"https:\/\/www.belgasorozo.com\/en\/product\/belgian-coast-ipa\/","title":{"rendered":"Belgian Coast IPA"},"content":{"rendered":"<h3><strong>5,5% Belga tipus\u00fa IPA<\/strong><\/h3>\n<p>&#8211;<\/p>\n<p>A St-Feuillien Belgian Coast IPA egy 5,5% alkoholtartalm\u00fa, k\u00f6nny\u0171 test\u0171, s\u00f6t\u00e9t aranysz\u00edn\u0171 \u00e9s rendk\u00edv\u00fcl arom\u00e1s s\u00f6r, amely hatf\u00e9le koml\u00f3val k\u00e9sz\u00fcl. Az amerikai IPA-kra jellemz\u0151 keser\u0171s\u00e9get belga, gy\u00fcm\u00f6lcs\u00f6s \u00e9s enyh\u00e9n gyant\u00e1s jegyekkel \u00f6tv\u00f6zi, \u00edgy egy \u00f6sszetett, friss\u00edt\u0151, k\u00f6zepesen keser\u0171 s\u00f6rt eredm\u00e9nyez.<\/p>\n","protected":false},"excerpt":{"rendered":"<p>5,5% Belga tipus\u00fa IPA &#8211; A St-Feuillien Belgian Coast IPA egy 5,5% alkoholtartalm\u00fa, k\u00f6nny\u0171 test\u0171, s\u00f6t\u00e9t aranysz\u00edn\u0171 \u00e9s rendk\u00edv\u00fcl arom\u00e1s s\u00f6r, amely hatf\u00e9le koml\u00f3val k\u00e9sz\u00fcl. Az amerikai IPA-kra jellemz\u0151 keser\u0171s\u00e9get belga, gy\u00fcm\u00f6lcs\u00f6s \u00e9s enyh\u00e9n gyant\u00e1s jegyekkel \u00f6tv\u00f6zi, \u00edgy egy \u00f6sszetett, [&hellip;]<\/p>\n","protected":false},"featured_media":10227,"comment_status":"closed","ping_status":"closed","template":"","meta":[],"product_brand":[],"product_cat":[129],"product_tag":[],"class_list":{"0":"post-10261","1":"product","2":"type-product","3":"status-publish","4":"has-post-thumbnail","6":"product_cat-light-beers","8":"first","9":"instock","10":"shipping-taxable","11":"purchasable","12":"product-type-simple"},"aioseo_notices":[],"_links":{"self":[{"href":"https:\/\/www.belgasorozo.com\/en\/wp-json\/wp\/v2\/product\/10261","targetHints":{"allow":["GET"]}}],"collection":[{"href":"https:\/\/www.belgasorozo.com\/en\/wp-json\/wp\/v2\/product"}],"about":[{"href":"https:\/\/www.belgasorozo.com\/en\/wp-json\/wp\/v2\/types\/product"}],"replies":[{"embeddable":true,"href":"https:\/\/www.belgasorozo.com\/en\/wp-json\/wp\/v2\/comments?post=10261"}],"wp:featuredmedia":[{"embeddable":true,"href":"https:\/\/www.belgasorozo.com\/en\/wp-json\/wp\/v2\/media\/10227"}],"wp:attachment":[{"href":"https:\/\/www.belgasorozo.com\/en\/wp-json\/wp\/v2\/media?parent=10261"}],"wp:term":[{"taxonomy":"product_brand","embeddable":true,"href":"https:\/\/www.belgasorozo.com\/en\/wp-json\/wp\/v2\/product_brand?post=10261"},{"taxonomy":"product_cat","embeddable":true,"href":"https:\/\/www.belgasorozo.com\/en\/wp-json\/wp\/v2\/product_cat?post=10261"},{"taxonomy":"product_tag","embeddable":true,"href":"https:\/\/www.belgasorozo.com\/en\/wp-json\/wp\/v2\/product_tag?post=10261"}],"curies":[{"name":"wp","href":"https:\/\/api.w.org\/{rel}","templated":true}]}}