{"id":10263,"date":"2026-02-21T12:57:35","date_gmt":"2026-02-21T12:57:35","guid":{"rendered":"https:\/\/www.belgasorozo.com\/?post_type=product&#038;p=10263"},"modified":"2026-02-21T13:09:15","modified_gmt":"2026-02-21T13:09:15","slug":"piraat-7","status":"publish","type":"product","link":"https:\/\/www.belgasorozo.com\/en\/product\/piraat-7\/","title":{"rendered":"Piraat 7"},"content":{"rendered":"<h3><strong>7% arany sz\u00edn\u0171 ale<\/strong><\/h3>\n<p>Van Steenberge S\u00f6rf\u0151zde (1784), Ertvelde, Kelet-Flandria<\/p>\n<p>A Piraat 7-et azok sz\u00e1m\u00e1ra fejlesztett\u00e9k ki, akik \u00e9lvezik a Van Steenberge er\u0151s s\u00f6r\u00f6k p\u00e1ratlan \u00edz\u00e9t, de kiss\u00e9 alacsonyabb alkoholtartalmat prefer\u00e1lnak<\/p>\n<p>Ez az arany sz\u00edn\u0171 s\u00f6r az eredeti, d\u00edjnyertes Piraat Ale k\u00f6nnyebb \u00e9s kifinomultabb v\u00e1ltozata, 7,0% alkoholtartalommal. A Van Steenberge mesteri tud\u00e1s\u00e1nak \u00e9s egyedi \u00e9leszt\u0151fajt\u00e1inak k\u00f6sz\u00f6nhet\u0151en siker\u00fclt olyan s\u00f6rt k\u00e9sz\u00edteni\u00fck, amely k\u00f6nnyen fogyaszthat\u00f3, ugyanakkor meg\u0151rizte az eredeti s\u00f6r jellegzetes, mer\u00e9sz \u00e9s komplex \u00edz\u00e9t.<\/p>\n<p>Arany sz\u00edn\u0171, kr\u00e9mes feh\u00e9r habbal, gy\u00fcm\u00f6lcs\u00f6s \u00e9szterek, f\u0171szeres \u00e9leszt\u0151 \u00e9s keny\u00e9rszer\u0171 mal\u00e1ta arom\u00e1kkal.<\/p>\n","protected":false},"excerpt":{"rendered":"<p>7% arany sz\u00edn\u0171 ale Van Steenberge S\u00f6rf\u0151zde (1784), Ertvelde, Kelet-Flandria A Piraat 7-et azok sz\u00e1m\u00e1ra fejlesztett\u00e9k ki, akik \u00e9lvezik a Van Steenberge er\u0151s s\u00f6r\u00f6k p\u00e1ratlan \u00edz\u00e9t, de kiss\u00e9 alacsonyabb alkoholtartalmat prefer\u00e1lnak Ez az arany sz\u00edn\u0171 s\u00f6r az eredeti, d\u00edjnyertes Piraat [&hellip;]<\/p>\n","protected":false},"featured_media":10242,"comment_status":"closed","ping_status":"closed","template":"","meta":[],"product_brand":[],"product_cat":[129],"product_tag":[],"class_list":{"0":"post-10263","1":"product","2":"type-product","3":"status-publish","4":"has-post-thumbnail","6":"product_cat-light-beers","8":"first","9":"instock","10":"shipping-taxable","11":"purchasable","12":"product-type-simple"},"aioseo_notices":[],"_links":{"self":[{"href":"https:\/\/www.belgasorozo.com\/en\/wp-json\/wp\/v2\/product\/10263","targetHints":{"allow":["GET"]}}],"collection":[{"href":"https:\/\/www.belgasorozo.com\/en\/wp-json\/wp\/v2\/product"}],"about":[{"href":"https:\/\/www.belgasorozo.com\/en\/wp-json\/wp\/v2\/types\/product"}],"replies":[{"embeddable":true,"href":"https:\/\/www.belgasorozo.com\/en\/wp-json\/wp\/v2\/comments?post=10263"}],"wp:featuredmedia":[{"embeddable":true,"href":"https:\/\/www.belgasorozo.com\/en\/wp-json\/wp\/v2\/media\/10242"}],"wp:attachment":[{"href":"https:\/\/www.belgasorozo.com\/en\/wp-json\/wp\/v2\/media?parent=10263"}],"wp:term":[{"taxonomy":"product_brand","embeddable":true,"href":"https:\/\/www.belgasorozo.com\/en\/wp-json\/wp\/v2\/product_brand?post=10263"},{"taxonomy":"product_cat","embeddable":true,"href":"https:\/\/www.belgasorozo.com\/en\/wp-json\/wp\/v2\/product_cat?post=10263"},{"taxonomy":"product_tag","embeddable":true,"href":"https:\/\/www.belgasorozo.com\/en\/wp-json\/wp\/v2\/product_tag?post=10263"}],"curies":[{"name":"wp","href":"https:\/\/api.w.org\/{rel}","templated":true}]}}