{"id":10266,"date":"2026-02-21T12:50:30","date_gmt":"2026-02-21T12:50:30","guid":{"rendered":"https:\/\/www.belgasorozo.com\/?post_type=product&#038;p=10266"},"modified":"2026-02-21T13:10:35","modified_gmt":"2026-02-21T13:10:35","slug":"gulden-draak-red","status":"publish","type":"product","link":"https:\/\/www.belgasorozo.com\/en\/product\/gulden-draak-red\/","title":{"rendered":"Gulden Draak Red"},"content":{"rendered":"<h3><em><strong>8% pirosgy\u00fcm\u00f6lcs\u00f6s ale<\/strong><\/em><\/h3>\n<p>Van Steenberge S\u00f6rf\u0151zde (1784), Ertvelde, Kelet-Flandria<\/p>\n<p>A Gulden Draak Red egy finom, fels\u0151erjed\u00e9s\u0171 rubinv\u00f6r\u00f6s sz\u00edn\u0171 s\u00f6r, amelyet kifejezett gy\u00fcm\u00f6lcs\u00f6s jellege k\u00fcl\u00f6nb\u00f6ztet meg t\u00e1rsait\u00f3l. A gy\u00fcm\u00f6lcs\u00f6s s\u00f6r\u00f6k kateg\u00f3ri\u00e1j\u00e1ba tartozik \u00e9s egyed\u00fcl\u00e1ll\u00f3 \u00edz\u00e9lm\u00e9nyt k\u00edn\u00e1l, amely mind a klasszikus s\u00f6r\u00f6k kedvel\u0151inek, mind a gy\u00fcm\u00f6lcs\u00f6s fajt\u00e1k rajong\u00f3inak tetszeni fog.<\/p>\n<p>Kit\u00f6lt\u00e9skor azonnal felt\u0171nik m\u00e9ly rubinv\u00f6r\u00f6s sz\u00edne, amelyet finom, l\u00e1gy r\u00f3zsasz\u00edn hab koron\u00e1z meg ami vonz\u00f3 l\u00e1tv\u00e1nyt kelt. Az aroma intenz\u00edv \u00e9s cs\u00e1b\u00edt\u00f3, rengeteg piros gy\u00fcm\u00f6lcs\u00f6t tartalmaz \u2013 gondoljunk csak az \u00e9rett meggyre, a l\u00e9d\u00fas m\u00e1ln\u00e1ra \u00e9s a pirosbogy\u00f3s gy\u00fcm\u00f6lcs\u00f6kre \u2013, amelyek egy\u00fctt friss, \u00e9des illatot \u00e1rasztanak. \u00cdz\u00e9t tekintve a Gulden Draak Red meglep\u0151en l\u00e1gy \u00e9s testes.<\/p>\n","protected":false},"excerpt":{"rendered":"<p>8% pirosgy\u00fcm\u00f6lcs\u00f6s ale Van Steenberge S\u00f6rf\u0151zde (1784), Ertvelde, Kelet-Flandria A Gulden Draak Red egy finom, fels\u0151erjed\u00e9s\u0171 rubinv\u00f6r\u00f6s sz\u00edn\u0171 s\u00f6r, amelyet kifejezett gy\u00fcm\u00f6lcs\u00f6s jellege k\u00fcl\u00f6nb\u00f6ztet meg t\u00e1rsait\u00f3l. A gy\u00fcm\u00f6lcs\u00f6s s\u00f6r\u00f6k kateg\u00f3ri\u00e1j\u00e1ba tartozik \u00e9s egyed\u00fcl\u00e1ll\u00f3 \u00edz\u00e9lm\u00e9nyt k\u00edn\u00e1l, amely mind a klasszikus s\u00f6r\u00f6k [&hellip;]<\/p>\n","protected":false},"featured_media":10233,"comment_status":"closed","ping_status":"closed","template":"","meta":[],"product_brand":[],"product_cat":[128],"product_tag":[],"class_list":{"0":"post-10266","1":"product","2":"type-product","3":"status-publish","4":"has-post-thumbnail","6":"product_cat-fruit-beers","8":"first","9":"instock","10":"shipping-taxable","11":"purchasable","12":"product-type-simple"},"aioseo_notices":[],"_links":{"self":[{"href":"https:\/\/www.belgasorozo.com\/en\/wp-json\/wp\/v2\/product\/10266","targetHints":{"allow":["GET"]}}],"collection":[{"href":"https:\/\/www.belgasorozo.com\/en\/wp-json\/wp\/v2\/product"}],"about":[{"href":"https:\/\/www.belgasorozo.com\/en\/wp-json\/wp\/v2\/types\/product"}],"replies":[{"embeddable":true,"href":"https:\/\/www.belgasorozo.com\/en\/wp-json\/wp\/v2\/comments?post=10266"}],"wp:featuredmedia":[{"embeddable":true,"href":"https:\/\/www.belgasorozo.com\/en\/wp-json\/wp\/v2\/media\/10233"}],"wp:attachment":[{"href":"https:\/\/www.belgasorozo.com\/en\/wp-json\/wp\/v2\/media?parent=10266"}],"wp:term":[{"taxonomy":"product_brand","embeddable":true,"href":"https:\/\/www.belgasorozo.com\/en\/wp-json\/wp\/v2\/product_brand?post=10266"},{"taxonomy":"product_cat","embeddable":true,"href":"https:\/\/www.belgasorozo.com\/en\/wp-json\/wp\/v2\/product_cat?post=10266"},{"taxonomy":"product_tag","embeddable":true,"href":"https:\/\/www.belgasorozo.com\/en\/wp-json\/wp\/v2\/product_tag?post=10266"}],"curies":[{"name":"wp","href":"https:\/\/api.w.org\/{rel}","templated":true}]}}