{"id":10267,"date":"2026-02-21T12:50:40","date_gmt":"2026-02-21T12:50:40","guid":{"rendered":"https:\/\/www.belgasorozo.com\/?post_type=product&#038;p=10267"},"modified":"2026-02-21T13:10:01","modified_gmt":"2026-02-21T13:10:01","slug":"duchesse-de-bourgogne-cherry-chocolate","status":"publish","type":"product","link":"https:\/\/www.belgasorozo.com\/en\/product\/duchesse-de-bourgogne-cherry-chocolate\/","title":{"rendered":"Duchesse de Bourgogne Cherry Chocolate"},"content":{"rendered":"<h3><em><strong>6,8% flamand v\u00f6r\u00f6s ale<\/strong><\/em><\/h3>\n<p>Verhaege Vichte S\u00f6rf\u0151zde (1885) Vichte<\/p>\n<p>A \u201ev\u00f6r\u00f6s hercegn\u0151\u201d kecsesebb, \u00e9desebb kistestv\u00e9re. Ahogy a neve is sugallja \u2013 egy csereszny\u00e9s\u2013csokol\u00e1d\u00e9s s\u00f6r. Ez a s\u00f6r a belga szak\u00e9rtelem el\u0151tt tiszteleg. Belgium vil\u00e1gszerte ismert \u00e9s elismert kiv\u00e1l\u00f3 s\u00f6reir\u0151l \u00e9s exkluz\u00edv pralin\u00e9ir\u0151l. A Duchesse Cherry Chocolate egy friss\u00edt\u0151 krieks\u00f6r, amelyet t\u00f6lgyfahord\u00f3kban \u00e9rlelnek, \u00e9s literenk\u00e9nt 200 gramm kiz\u00e1r\u00f3lag eg\u00e9sz cseresznye hozz\u00e1ad\u00e1s\u00e1val k\u00e9sz\u00fcl, term\u00e9szetes csokol\u00e1d\u00e9arom\u00e1val kieg\u00e9sz\u00edtve.<\/p>\n","protected":false},"excerpt":{"rendered":"<p>6,8% flamand v\u00f6r\u00f6s ale Verhaege Vichte S\u00f6rf\u0151zde (1885) Vichte A \u201ev\u00f6r\u00f6s hercegn\u0151\u201d kecsesebb, \u00e9desebb kistestv\u00e9re. Ahogy a neve is sugallja \u2013 egy csereszny\u00e9s\u2013csokol\u00e1d\u00e9s s\u00f6r. Ez a s\u00f6r a belga szak\u00e9rtelem el\u0151tt tiszteleg. Belgium vil\u00e1gszerte ismert \u00e9s elismert kiv\u00e1l\u00f3 s\u00f6reir\u0151l \u00e9s [&hellip;]<\/p>\n","protected":false},"featured_media":10229,"comment_status":"closed","ping_status":"closed","template":"","meta":[],"product_brand":[],"product_cat":[128],"product_tag":[],"class_list":{"0":"post-10267","1":"product","2":"type-product","3":"status-publish","4":"has-post-thumbnail","6":"product_cat-fruit-beers","8":"first","9":"instock","10":"shipping-taxable","11":"purchasable","12":"product-type-simple"},"aioseo_notices":[],"_links":{"self":[{"href":"https:\/\/www.belgasorozo.com\/en\/wp-json\/wp\/v2\/product\/10267","targetHints":{"allow":["GET"]}}],"collection":[{"href":"https:\/\/www.belgasorozo.com\/en\/wp-json\/wp\/v2\/product"}],"about":[{"href":"https:\/\/www.belgasorozo.com\/en\/wp-json\/wp\/v2\/types\/product"}],"replies":[{"embeddable":true,"href":"https:\/\/www.belgasorozo.com\/en\/wp-json\/wp\/v2\/comments?post=10267"}],"wp:featuredmedia":[{"embeddable":true,"href":"https:\/\/www.belgasorozo.com\/en\/wp-json\/wp\/v2\/media\/10229"}],"wp:attachment":[{"href":"https:\/\/www.belgasorozo.com\/en\/wp-json\/wp\/v2\/media?parent=10267"}],"wp:term":[{"taxonomy":"product_brand","embeddable":true,"href":"https:\/\/www.belgasorozo.com\/en\/wp-json\/wp\/v2\/product_brand?post=10267"},{"taxonomy":"product_cat","embeddable":true,"href":"https:\/\/www.belgasorozo.com\/en\/wp-json\/wp\/v2\/product_cat?post=10267"},{"taxonomy":"product_tag","embeddable":true,"href":"https:\/\/www.belgasorozo.com\/en\/wp-json\/wp\/v2\/product_tag?post=10267"}],"curies":[{"name":"wp","href":"https:\/\/api.w.org\/{rel}","templated":true}]}}