{"id":7932,"date":"2021-05-02T18:49:49","date_gmt":"2021-05-02T18:49:49","guid":{"rendered":"https:\/\/www.belgasorozo.com\/?post_type=product&#038;p=7932"},"modified":"2026-02-21T12:35:48","modified_gmt":"2026-02-21T12:35:48","slug":"blanche-de-bourg","status":"publish","type":"product","link":"https:\/\/www.belgasorozo.com\/en\/product\/blanche-de-bourg\/","title":{"rendered":"Blanche de Bourg"},"content":{"rendered":"<h3><em><strong>5% belga b\u00fazas\u00f6r<br \/>\n<\/strong><\/em><\/h3>\n<p><em>Brasserie Canon S\u00f6rf\u0151zde (1649)<\/em><\/p>\n<p>Its incredibly large, long-lasting foam has a creamy texture with a lace-like appearance. Its citrusy aroma transforms into a barrique-like scent upon contact with the air. It has a light body and a refreshing, subtly &#8220;grainy&#8221; flavor profile. It is an excellent thirst quencher for the summer, suitable even for ladies! It is a classic accompaniment to Belgian steamed mussels, but it also pairs well with dishes made from goat cheese and light salads. Enjoy it ice-cold!<\/p>\n","protected":false},"excerpt":{"rendered":"<p>5% belga b\u00fazas\u00f6r Brasserie Canon S\u00f6rf\u0151zde (1649) Its incredibly large, long-lasting foam has a creamy texture with a lace-like appearance. Its citrusy aroma transforms into a barrique-like scent upon contact with the air. It has a light body and a [&hellip;]<\/p>\n","protected":false},"featured_media":7236,"comment_status":"closed","ping_status":"closed","template":"","meta":[],"product_brand":[],"product_cat":[105],"product_tag":[],"class_list":{"0":"post-7932","1":"product","2":"type-product","3":"status-publish","4":"has-post-thumbnail","6":"product_cat-draft-beers","8":"first","9":"instock","10":"shipping-taxable","11":"purchasable","12":"product-type-simple"},"aioseo_notices":[],"_links":{"self":[{"href":"https:\/\/www.belgasorozo.com\/en\/wp-json\/wp\/v2\/product\/7932","targetHints":{"allow":["GET"]}}],"collection":[{"href":"https:\/\/www.belgasorozo.com\/en\/wp-json\/wp\/v2\/product"}],"about":[{"href":"https:\/\/www.belgasorozo.com\/en\/wp-json\/wp\/v2\/types\/product"}],"replies":[{"embeddable":true,"href":"https:\/\/www.belgasorozo.com\/en\/wp-json\/wp\/v2\/comments?post=7932"}],"wp:featuredmedia":[{"embeddable":true,"href":"https:\/\/www.belgasorozo.com\/en\/wp-json\/wp\/v2\/media\/7236"}],"wp:attachment":[{"href":"https:\/\/www.belgasorozo.com\/en\/wp-json\/wp\/v2\/media?parent=7932"}],"wp:term":[{"taxonomy":"product_brand","embeddable":true,"href":"https:\/\/www.belgasorozo.com\/en\/wp-json\/wp\/v2\/product_brand?post=7932"},{"taxonomy":"product_cat","embeddable":true,"href":"https:\/\/www.belgasorozo.com\/en\/wp-json\/wp\/v2\/product_cat?post=7932"},{"taxonomy":"product_tag","embeddable":true,"href":"https:\/\/www.belgasorozo.com\/en\/wp-json\/wp\/v2\/product_tag?post=7932"}],"curies":[{"name":"wp","href":"https:\/\/api.w.org\/{rel}","templated":true}]}}