{"id":7934,"date":"2021-05-02T18:49:49","date_gmt":"2021-05-02T18:49:49","guid":{"rendered":"https:\/\/www.belgasorozo.com\/?post_type=product&#038;p=7934"},"modified":"2026-02-21T12:35:25","modified_gmt":"2026-02-21T12:35:25","slug":"grimbergen-blonde","status":"publish","type":"product","link":"https:\/\/www.belgasorozo.com\/en\/product\/grimbergen-blonde\/","title":{"rendered":"Grimbergen Blonde"},"content":{"rendered":"<h3><em><strong>6,7% ap\u00e1ts\u00e1gi vil\u00e1gos ale<\/strong><\/em><\/h3>\n<p><em>Grimbergen Abbey (1128), Grimbergen<\/em><\/p>\n<p>The beverage has a beautiful golden color, crowned with a creamy snow-white foam. Every sip is pleasantly silky and sweet, almost caressing our throat. Its underlying flavor is difficult to define. Its gentle maltiness reminds many of rice or perhaps rice pudding. The draft version is slightly more lively: flavorful, white-fleshed fruits occasionally appear in the remarkably light, almost nectar-like aftertaste. It&#8217;s the perfect refreshment after a long day.<\/p>\n<p>&nbsp;<\/p>\n","protected":false},"excerpt":{"rendered":"<p>6,7% ap\u00e1ts\u00e1gi vil\u00e1gos ale Grimbergen Abbey (1128), Grimbergen The beverage has a beautiful golden color, crowned with a creamy snow-white foam. Every sip is pleasantly silky and sweet, almost caressing our throat. Its underlying flavor is difficult to define. Its [&hellip;]<\/p>\n","protected":false},"featured_media":7294,"comment_status":"closed","ping_status":"closed","template":"","meta":[],"product_brand":[],"product_cat":[105],"product_tag":[],"class_list":{"0":"post-7934","1":"product","2":"type-product","3":"status-publish","4":"has-post-thumbnail","6":"product_cat-draft-beers","8":"first","9":"instock","10":"shipping-taxable","11":"purchasable","12":"product-type-simple"},"aioseo_notices":[],"_links":{"self":[{"href":"https:\/\/www.belgasorozo.com\/en\/wp-json\/wp\/v2\/product\/7934","targetHints":{"allow":["GET"]}}],"collection":[{"href":"https:\/\/www.belgasorozo.com\/en\/wp-json\/wp\/v2\/product"}],"about":[{"href":"https:\/\/www.belgasorozo.com\/en\/wp-json\/wp\/v2\/types\/product"}],"replies":[{"embeddable":true,"href":"https:\/\/www.belgasorozo.com\/en\/wp-json\/wp\/v2\/comments?post=7934"}],"wp:featuredmedia":[{"embeddable":true,"href":"https:\/\/www.belgasorozo.com\/en\/wp-json\/wp\/v2\/media\/7294"}],"wp:attachment":[{"href":"https:\/\/www.belgasorozo.com\/en\/wp-json\/wp\/v2\/media?parent=7934"}],"wp:term":[{"taxonomy":"product_brand","embeddable":true,"href":"https:\/\/www.belgasorozo.com\/en\/wp-json\/wp\/v2\/product_brand?post=7934"},{"taxonomy":"product_cat","embeddable":true,"href":"https:\/\/www.belgasorozo.com\/en\/wp-json\/wp\/v2\/product_cat?post=7934"},{"taxonomy":"product_tag","embeddable":true,"href":"https:\/\/www.belgasorozo.com\/en\/wp-json\/wp\/v2\/product_tag?post=7934"}],"curies":[{"name":"wp","href":"https:\/\/api.w.org\/{rel}","templated":true}]}}