{"id":7936,"date":"2021-05-02T18:49:49","date_gmt":"2021-05-02T18:49:49","guid":{"rendered":"https:\/\/www.belgasorozo.com\/?post_type=product&#038;p=7936"},"modified":"2026-02-21T12:35:14","modified_gmt":"2026-02-21T12:35:14","slug":"grimbergen-double-ambree","status":"publish","type":"product","link":"https:\/\/www.belgasorozo.com\/en\/product\/grimbergen-double-ambree\/","title":{"rendered":"Grimbergen Double-Ambr\u00e9e"},"content":{"rendered":"<h3><em><strong>6,5% ap\u00e1ts\u00e1gi barna ale<\/strong><\/em><\/h3>\n<p><em>Grimbergen Abbey (1128), Grimbergen<br \/>\n<\/em><\/p>\n<p>The dark-colored beverage reveals pale red highlights when held up to the light. The roasted malt&#8217;s sophisticated, chocolatey flavors emerge subtly and from a distance. The taste profile of the drink is primarily defined by dried tropical fruits. The flavors of this beer blend beautifully, lending harmony and a gently sweet-sour character to the beverage. It serves as an excellent respite after a challenging day and makes for a great introduction to tasting strong, dark-colored beers.<\/p>\n<p>&nbsp;<\/p>\n","protected":false},"excerpt":{"rendered":"<p>6,5% ap\u00e1ts\u00e1gi barna ale Grimbergen Abbey (1128), Grimbergen The dark-colored beverage reveals pale red highlights when held up to the light. The roasted malt&#8217;s sophisticated, chocolatey flavors emerge subtly and from a distance. The taste profile of the drink is [&hellip;]<\/p>\n","protected":false},"featured_media":7295,"comment_status":"closed","ping_status":"closed","template":"","meta":[],"product_brand":[],"product_cat":[105],"product_tag":[],"class_list":{"0":"post-7936","1":"product","2":"type-product","3":"status-publish","4":"has-post-thumbnail","6":"product_cat-draft-beers","8":"first","9":"instock","10":"shipping-taxable","11":"purchasable","12":"product-type-simple"},"aioseo_notices":[],"_links":{"self":[{"href":"https:\/\/www.belgasorozo.com\/en\/wp-json\/wp\/v2\/product\/7936","targetHints":{"allow":["GET"]}}],"collection":[{"href":"https:\/\/www.belgasorozo.com\/en\/wp-json\/wp\/v2\/product"}],"about":[{"href":"https:\/\/www.belgasorozo.com\/en\/wp-json\/wp\/v2\/types\/product"}],"replies":[{"embeddable":true,"href":"https:\/\/www.belgasorozo.com\/en\/wp-json\/wp\/v2\/comments?post=7936"}],"wp:featuredmedia":[{"embeddable":true,"href":"https:\/\/www.belgasorozo.com\/en\/wp-json\/wp\/v2\/media\/7295"}],"wp:attachment":[{"href":"https:\/\/www.belgasorozo.com\/en\/wp-json\/wp\/v2\/media?parent=7936"}],"wp:term":[{"taxonomy":"product_brand","embeddable":true,"href":"https:\/\/www.belgasorozo.com\/en\/wp-json\/wp\/v2\/product_brand?post=7936"},{"taxonomy":"product_cat","embeddable":true,"href":"https:\/\/www.belgasorozo.com\/en\/wp-json\/wp\/v2\/product_cat?post=7936"},{"taxonomy":"product_tag","embeddable":true,"href":"https:\/\/www.belgasorozo.com\/en\/wp-json\/wp\/v2\/product_tag?post=7936"}],"curies":[{"name":"wp","href":"https:\/\/api.w.org\/{rel}","templated":true}]}}