{"id":7967,"date":"2021-05-02T18:50:22","date_gmt":"2021-05-02T18:50:22","guid":{"rendered":"https:\/\/www.belgasorozo.com\/?post_type=product&#038;p=7967"},"modified":"2024-12-08T15:51:43","modified_gmt":"2024-12-08T15:51:43","slug":"blanche-de-bruxelles","status":"publish","type":"product","link":"https:\/\/www.belgasorozo.com\/en\/product\/blanche-de-bruxelles\/","title":{"rendered":"Blanche de Bruxelles"},"content":{"rendered":"<h3><em>4,5% belga b\u00fazas\u00f6r<\/em><\/h3>\n<p>L\u00e9febvre S\u00f6rf\u0151zde (1876), Quenast, Brabant<\/p>\n<p>The wheat beer named after the Belgian capital has a hazy appearance due to the fine, suspended yeast particles. It has a citrusy aroma and a pleasantly spicy flavor. This beer is very light and slightly sweet, with hints of citrus, a touch of apple, and a subtle pineapple flavor. The swallow concludes with a tangy aftertaste of orange and lemon. Overall, it serves as an excellent substitute for a well-chilled summer lemonade.<\/p>\n","protected":false},"excerpt":{"rendered":"<p>4,5% belga b\u00fazas\u00f6r L\u00e9febvre S\u00f6rf\u0151zde (1876), Quenast, Brabant The wheat beer named after the Belgian capital has a hazy appearance due to the fine, suspended yeast particles. It has a citrusy aroma and a pleasantly spicy flavor. This beer is [&hellip;]<\/p>\n","protected":false},"featured_media":7056,"comment_status":"closed","ping_status":"closed","template":"","meta":[],"product_brand":[],"product_cat":[108],"product_tag":[],"class_list":{"0":"post-7967","1":"product","2":"type-product","3":"status-publish","4":"has-post-thumbnail","6":"product_cat-wheat-beers","8":"first","9":"instock","10":"shipping-taxable","11":"purchasable","12":"product-type-simple"},"aioseo_notices":[],"_links":{"self":[{"href":"https:\/\/www.belgasorozo.com\/en\/wp-json\/wp\/v2\/product\/7967","targetHints":{"allow":["GET"]}}],"collection":[{"href":"https:\/\/www.belgasorozo.com\/en\/wp-json\/wp\/v2\/product"}],"about":[{"href":"https:\/\/www.belgasorozo.com\/en\/wp-json\/wp\/v2\/types\/product"}],"replies":[{"embeddable":true,"href":"https:\/\/www.belgasorozo.com\/en\/wp-json\/wp\/v2\/comments?post=7967"}],"wp:featuredmedia":[{"embeddable":true,"href":"https:\/\/www.belgasorozo.com\/en\/wp-json\/wp\/v2\/media\/7056"}],"wp:attachment":[{"href":"https:\/\/www.belgasorozo.com\/en\/wp-json\/wp\/v2\/media?parent=7967"}],"wp:term":[{"taxonomy":"product_brand","embeddable":true,"href":"https:\/\/www.belgasorozo.com\/en\/wp-json\/wp\/v2\/product_brand?post=7967"},{"taxonomy":"product_cat","embeddable":true,"href":"https:\/\/www.belgasorozo.com\/en\/wp-json\/wp\/v2\/product_cat?post=7967"},{"taxonomy":"product_tag","embeddable":true,"href":"https:\/\/www.belgasorozo.com\/en\/wp-json\/wp\/v2\/product_tag?post=7967"}],"curies":[{"name":"wp","href":"https:\/\/api.w.org\/{rel}","templated":true}]}}