{"id":7974,"date":"2021-05-02T18:50:22","date_gmt":"2021-05-02T18:50:22","guid":{"rendered":"https:\/\/www.belgasorozo.com\/?post_type=product&#038;p=7974"},"modified":"2026-02-21T12:31:58","modified_gmt":"2026-02-21T12:31:58","slug":"st-bernardus-wit","status":"publish","type":"product","link":"https:\/\/www.belgasorozo.com\/en\/product\/st-bernardus-wit\/","title":{"rendered":"St. Bernardus Wit"},"content":{"rendered":"<h3><em>5,5% belga b\u00fazas\u00f6r<\/em><\/h3>\n<p><a href=\"http:\/\/patermarcus.mintaka.alfanet.hu\/rolunk\/sorfozdek\/st-bernard-sorfozde-1946-watou\/\">St. Bernard S\u00f6rf\u0151zde (1946), Watou<\/a><\/p>\n<p>A true unfiltered Belgian beer with the characteristic pale yellow color and a hazy, dense appearance from the yeast. Fruity and spicy, it exhibits the typical yeasty-grainy flavor profile of wheat beer, with dominant notes of orange and coriander accompanied by honey-like sweetness. The sip concludes with a hint of apple tartness and discreet bitterness. It&#8217;s feather-light and incredibly fresh!<\/p>\n","protected":false},"excerpt":{"rendered":"<p>5,5% belga b\u00fazas\u00f6r St. Bernard S\u00f6rf\u0151zde (1946), Watou A true unfiltered Belgian beer with the characteristic pale yellow color and a hazy, dense appearance from the yeast. Fruity and spicy, it exhibits the typical yeasty-grainy flavor profile of wheat beer, [&hellip;]<\/p>\n","protected":false},"featured_media":8760,"comment_status":"closed","ping_status":"closed","template":"","meta":[],"product_brand":[],"product_cat":[108],"product_tag":[],"class_list":{"0":"post-7974","1":"product","2":"type-product","3":"status-publish","4":"has-post-thumbnail","6":"product_cat-wheat-beers","8":"first","9":"instock","10":"shipping-taxable","11":"purchasable","12":"product-type-simple"},"aioseo_notices":[],"_links":{"self":[{"href":"https:\/\/www.belgasorozo.com\/en\/wp-json\/wp\/v2\/product\/7974","targetHints":{"allow":["GET"]}}],"collection":[{"href":"https:\/\/www.belgasorozo.com\/en\/wp-json\/wp\/v2\/product"}],"about":[{"href":"https:\/\/www.belgasorozo.com\/en\/wp-json\/wp\/v2\/types\/product"}],"replies":[{"embeddable":true,"href":"https:\/\/www.belgasorozo.com\/en\/wp-json\/wp\/v2\/comments?post=7974"}],"wp:featuredmedia":[{"embeddable":true,"href":"https:\/\/www.belgasorozo.com\/en\/wp-json\/wp\/v2\/media\/8760"}],"wp:attachment":[{"href":"https:\/\/www.belgasorozo.com\/en\/wp-json\/wp\/v2\/media?parent=7974"}],"wp:term":[{"taxonomy":"product_brand","embeddable":true,"href":"https:\/\/www.belgasorozo.com\/en\/wp-json\/wp\/v2\/product_brand?post=7974"},{"taxonomy":"product_cat","embeddable":true,"href":"https:\/\/www.belgasorozo.com\/en\/wp-json\/wp\/v2\/product_cat?post=7974"},{"taxonomy":"product_tag","embeddable":true,"href":"https:\/\/www.belgasorozo.com\/en\/wp-json\/wp\/v2\/product_tag?post=7974"}],"curies":[{"name":"wp","href":"https:\/\/api.w.org\/{rel}","templated":true}]}}