{"id":8001,"date":"2021-05-02T18:51:07","date_gmt":"2021-05-02T18:51:07","guid":{"rendered":"https:\/\/www.belgasorozo.com\/?post_type=product&#038;p=8001"},"modified":"2026-02-21T12:30:42","modified_gmt":"2026-02-21T12:30:42","slug":"orval","status":"publish","type":"product","link":"https:\/\/www.belgasorozo.com\/en\/product\/orval\/","title":{"rendered":"Orval"},"content":{"rendered":"<h3><em>6,2% Trappista f\u00e9lbarna ale<\/em><\/h3>\n<p>Abbaye Notre-Dame d\u2019Orval (1070) S\u00f6rf\u0151zd\u00e9je (1932)<\/p>\n<p>If there exist legendary beers in the world, it is one of them. Over the dark-ivy color of a full glass a long-<br \/>\nlasting, hard and thick froth appears. The wonderfully fresh scent of lemon and orange dominates the beer&#8217;s bouquet, orange taking the major role. Apart from lemon and orange, the beer&#8217;s taste contains mostly honey and caramel, without making the beer sweet. The beer takes leave with the long, acidic after-taste of hop. Due to its hop content, it counts as one of the world&#8217;s bitterest beers. An ideal aperitif.<\/p>\n","protected":false},"excerpt":{"rendered":"<p>6,2% Trappista f\u00e9lbarna ale Abbaye Notre-Dame d\u2019Orval (1070) S\u00f6rf\u0151zd\u00e9je (1932) If there exist legendary beers in the world, it is one of them. Over the dark-ivy color of a full glass a long- lasting, hard and thick froth appears. The [&hellip;]<\/p>\n","protected":false},"featured_media":7125,"comment_status":"closed","ping_status":"closed","template":"","meta":[],"product_brand":[],"product_cat":[109],"product_tag":[],"class_list":{"0":"post-8001","1":"product","2":"type-product","3":"status-publish","4":"has-post-thumbnail","6":"product_cat-trappist-beers","8":"first","9":"instock","10":"shipping-taxable","11":"purchasable","12":"product-type-simple"},"aioseo_notices":[],"_links":{"self":[{"href":"https:\/\/www.belgasorozo.com\/en\/wp-json\/wp\/v2\/product\/8001","targetHints":{"allow":["GET"]}}],"collection":[{"href":"https:\/\/www.belgasorozo.com\/en\/wp-json\/wp\/v2\/product"}],"about":[{"href":"https:\/\/www.belgasorozo.com\/en\/wp-json\/wp\/v2\/types\/product"}],"replies":[{"embeddable":true,"href":"https:\/\/www.belgasorozo.com\/en\/wp-json\/wp\/v2\/comments?post=8001"}],"wp:featuredmedia":[{"embeddable":true,"href":"https:\/\/www.belgasorozo.com\/en\/wp-json\/wp\/v2\/media\/7125"}],"wp:attachment":[{"href":"https:\/\/www.belgasorozo.com\/en\/wp-json\/wp\/v2\/media?parent=8001"}],"wp:term":[{"taxonomy":"product_brand","embeddable":true,"href":"https:\/\/www.belgasorozo.com\/en\/wp-json\/wp\/v2\/product_brand?post=8001"},{"taxonomy":"product_cat","embeddable":true,"href":"https:\/\/www.belgasorozo.com\/en\/wp-json\/wp\/v2\/product_cat?post=8001"},{"taxonomy":"product_tag","embeddable":true,"href":"https:\/\/www.belgasorozo.com\/en\/wp-json\/wp\/v2\/product_tag?post=8001"}],"curies":[{"name":"wp","href":"https:\/\/api.w.org\/{rel}","templated":true}]}}