{"id":8010,"date":"2021-05-02T18:51:30","date_gmt":"2021-05-02T18:51:30","guid":{"rendered":"https:\/\/www.belgasorozo.com\/?post_type=product&#038;p=8010"},"modified":"2026-02-21T12:33:22","modified_gmt":"2026-02-21T12:33:22","slug":"westmalle-tripel","status":"publish","type":"product","link":"https:\/\/www.belgasorozo.com\/en\/product\/westmalle-tripel\/","title":{"rendered":"Westmalle Tripel"},"content":{"rendered":"<h3><em>9,5% Trappista vil\u00e1gos tripel<\/em><\/h3>\n<p>Abdij de Trappisten van Westmalle (1794) s\u00f6rf\u0151zd\u00e9je (1836)<\/p>\n<p>Deep straw-yellow color, its lasting foam promises a great beer experience. From its aroma, beside the buttery-honey base, herbs, dried sage, orange peel, and candied apple emerge. Despite its massive body, it doesn&#8217;t feel cumbersome or heavy. Quite the opposite\u2014it&#8217;s balanced. Behind its creamy texture, the flavors of three different hops\u2014Czech, German, English\u2014meld into a unified harmony. It bids farewell with a long, smooth, honeyed aftertaste. Consume at room temperature.<\/p>\n","protected":false},"excerpt":{"rendered":"<p>9,5% Trappista vil\u00e1gos tripel Abdij de Trappisten van Westmalle (1794) s\u00f6rf\u0151zd\u00e9je (1836) Deep straw-yellow color, its lasting foam promises a great beer experience. From its aroma, beside the buttery-honey base, herbs, dried sage, orange peel, and candied apple emerge. Despite [&hellip;]<\/p>\n","protected":false},"featured_media":7138,"comment_status":"closed","ping_status":"closed","template":"","meta":[],"product_brand":[],"product_cat":[109],"product_tag":[],"class_list":{"0":"post-8010","1":"product","2":"type-product","3":"status-publish","4":"has-post-thumbnail","6":"product_cat-trappist-beers","8":"first","9":"instock","10":"shipping-taxable","11":"purchasable","12":"product-type-simple"},"aioseo_notices":[],"_links":{"self":[{"href":"https:\/\/www.belgasorozo.com\/en\/wp-json\/wp\/v2\/product\/8010","targetHints":{"allow":["GET"]}}],"collection":[{"href":"https:\/\/www.belgasorozo.com\/en\/wp-json\/wp\/v2\/product"}],"about":[{"href":"https:\/\/www.belgasorozo.com\/en\/wp-json\/wp\/v2\/types\/product"}],"replies":[{"embeddable":true,"href":"https:\/\/www.belgasorozo.com\/en\/wp-json\/wp\/v2\/comments?post=8010"}],"wp:featuredmedia":[{"embeddable":true,"href":"https:\/\/www.belgasorozo.com\/en\/wp-json\/wp\/v2\/media\/7138"}],"wp:attachment":[{"href":"https:\/\/www.belgasorozo.com\/en\/wp-json\/wp\/v2\/media?parent=8010"}],"wp:term":[{"taxonomy":"product_brand","embeddable":true,"href":"https:\/\/www.belgasorozo.com\/en\/wp-json\/wp\/v2\/product_brand?post=8010"},{"taxonomy":"product_cat","embeddable":true,"href":"https:\/\/www.belgasorozo.com\/en\/wp-json\/wp\/v2\/product_cat?post=8010"},{"taxonomy":"product_tag","embeddable":true,"href":"https:\/\/www.belgasorozo.com\/en\/wp-json\/wp\/v2\/product_tag?post=8010"}],"curies":[{"name":"wp","href":"https:\/\/api.w.org\/{rel}","templated":true}]}}