{"id":8830,"date":"2021-05-02T18:50:23","date_gmt":"2021-05-02T18:50:23","guid":{"rendered":"https:\/\/www.belgasorozo.com\/?post_type=product&#038;p=8830"},"modified":"2026-02-21T12:23:01","modified_gmt":"2026-02-21T12:23:01","slug":"corsendonk-rousse","status":"publish","type":"product","link":"https:\/\/www.belgasorozo.com\/en\/product\/corsendonk-rousse\/","title":{"rendered":"Corsendonk Rousse"},"content":{"rendered":"<h3><em>8% ap\u00e1ts\u00e1gi f\u00e9lbarna ale<\/em><\/h3>\n<p>Du Bocq S\u00f6rf\u0151zde (1858), Purnode, Namur<\/p>\n<p>A beer with a massive body. It has a deep rosy-pink color, reminiscent of strawberry puree, and a lasting, large head. When aired, its aroma reveals increasingly subtle smoky characteristics. It&#8217;s a rich, full-bodied beer that fills the entire mouth. Throughout its fundamentally sweet taste, there are undertones of smokiness and roasted aromas, accompanied by the flavors of red-fleshed fruits and the medicinal notes of herbs.<\/p>\n","protected":false},"excerpt":{"rendered":"<p>8% ap\u00e1ts\u00e1gi f\u00e9lbarna ale Du Bocq S\u00f6rf\u0151zde (1858), Purnode, Namur A beer with a massive body. It has a deep rosy-pink color, reminiscent of strawberry puree, and a lasting, large head. When aired, its aroma reveals increasingly subtle smoky characteristics. [&hellip;]<\/p>\n","protected":false},"featured_media":7063,"comment_status":"closed","ping_status":"closed","template":"","meta":[],"product_brand":[],"product_cat":[127],"product_tag":[],"class_list":{"0":"post-8830","1":"product","2":"type-product","3":"status-publish","4":"has-post-thumbnail","6":"product_cat-amber-ales","8":"first","9":"instock","10":"shipping-taxable","11":"purchasable","12":"product-type-simple"},"aioseo_notices":[],"_links":{"self":[{"href":"https:\/\/www.belgasorozo.com\/en\/wp-json\/wp\/v2\/product\/8830","targetHints":{"allow":["GET"]}}],"collection":[{"href":"https:\/\/www.belgasorozo.com\/en\/wp-json\/wp\/v2\/product"}],"about":[{"href":"https:\/\/www.belgasorozo.com\/en\/wp-json\/wp\/v2\/types\/product"}],"replies":[{"embeddable":true,"href":"https:\/\/www.belgasorozo.com\/en\/wp-json\/wp\/v2\/comments?post=8830"}],"wp:featuredmedia":[{"embeddable":true,"href":"https:\/\/www.belgasorozo.com\/en\/wp-json\/wp\/v2\/media\/7063"}],"wp:attachment":[{"href":"https:\/\/www.belgasorozo.com\/en\/wp-json\/wp\/v2\/media?parent=8830"}],"wp:term":[{"taxonomy":"product_brand","embeddable":true,"href":"https:\/\/www.belgasorozo.com\/en\/wp-json\/wp\/v2\/product_brand?post=8830"},{"taxonomy":"product_cat","embeddable":true,"href":"https:\/\/www.belgasorozo.com\/en\/wp-json\/wp\/v2\/product_cat?post=8830"},{"taxonomy":"product_tag","embeddable":true,"href":"https:\/\/www.belgasorozo.com\/en\/wp-json\/wp\/v2\/product_tag?post=8830"}],"curies":[{"name":"wp","href":"https:\/\/api.w.org\/{rel}","templated":true}]}}