{"id":8869,"date":"2021-05-02T18:50:45","date_gmt":"2021-05-02T18:50:45","guid":{"rendered":"https:\/\/www.belgasorozo.com\/?post_type=product&#038;p=8869"},"modified":"2026-02-21T12:22:48","modified_gmt":"2026-02-21T12:22:48","slug":"corsendonk-pater-dubbel","status":"publish","type":"product","link":"https:\/\/www.belgasorozo.com\/en\/product\/corsendonk-pater-dubbel\/","title":{"rendered":"Corsendonk Pater Dubbel"},"content":{"rendered":"<h3><em>7,5% barna ap\u00e1ts\u00e1gi dubbel<\/em><\/h3>\n<p>Du Bocq S\u00f6rf\u0151zde (1858), Purnode, Namur<\/p>\n<p>A reddish-brown, unfiltered beer. Upon opening the bottle, a fruity aroma greets the nose, mingling with hints of soy. The first sip introduces a full spectrum of flavors, where chocolate, raisins, and, most notably, the delicate taste of coriander take the lead. With prolonged aeration, notes of orange and cinnamon also make an appearance. A beer of grand stature.<\/p>\n","protected":false},"excerpt":{"rendered":"<p>7,5% barna ap\u00e1ts\u00e1gi dubbel Du Bocq S\u00f6rf\u0151zde (1858), Purnode, Namur A reddish-brown, unfiltered beer. Upon opening the bottle, a fruity aroma greets the nose, mingling with hints of soy. The first sip introduces a full spectrum of flavors, where chocolate, [&hellip;]<\/p>\n","protected":false},"featured_media":7105,"comment_status":"closed","ping_status":"closed","template":"","meta":[],"product_brand":[],"product_cat":[126],"product_tag":[],"class_list":{"0":"post-8869","1":"product","2":"type-product","3":"status-publish","4":"has-post-thumbnail","6":"product_cat-dark-beers","8":"first","9":"instock","10":"shipping-taxable","11":"purchasable","12":"product-type-simple"},"aioseo_notices":[],"_links":{"self":[{"href":"https:\/\/www.belgasorozo.com\/en\/wp-json\/wp\/v2\/product\/8869","targetHints":{"allow":["GET"]}}],"collection":[{"href":"https:\/\/www.belgasorozo.com\/en\/wp-json\/wp\/v2\/product"}],"about":[{"href":"https:\/\/www.belgasorozo.com\/en\/wp-json\/wp\/v2\/types\/product"}],"replies":[{"embeddable":true,"href":"https:\/\/www.belgasorozo.com\/en\/wp-json\/wp\/v2\/comments?post=8869"}],"wp:featuredmedia":[{"embeddable":true,"href":"https:\/\/www.belgasorozo.com\/en\/wp-json\/wp\/v2\/media\/7105"}],"wp:attachment":[{"href":"https:\/\/www.belgasorozo.com\/en\/wp-json\/wp\/v2\/media?parent=8869"}],"wp:term":[{"taxonomy":"product_brand","embeddable":true,"href":"https:\/\/www.belgasorozo.com\/en\/wp-json\/wp\/v2\/product_brand?post=8869"},{"taxonomy":"product_cat","embeddable":true,"href":"https:\/\/www.belgasorozo.com\/en\/wp-json\/wp\/v2\/product_cat?post=8869"},{"taxonomy":"product_tag","embeddable":true,"href":"https:\/\/www.belgasorozo.com\/en\/wp-json\/wp\/v2\/product_tag?post=8869"}],"curies":[{"name":"wp","href":"https:\/\/api.w.org\/{rel}","templated":true}]}}