{"id":8870,"date":"2021-05-02T18:50:46","date_gmt":"2021-05-02T18:50:46","guid":{"rendered":"https:\/\/www.belgasorozo.com\/?post_type=product&#038;p=8870"},"modified":"2026-02-21T12:23:35","modified_gmt":"2026-02-21T12:23:35","slug":"delirium-nocturnum","status":"publish","type":"product","link":"https:\/\/www.belgasorozo.com\/en\/product\/delirium-nocturnum\/","title":{"rendered":"Delirium Nocturnum"},"content":{"rendered":"<h3><em>9% er\u0151s barna ale<\/em><\/h3>\n<p>Huyghe S\u00f6rf\u0151zde (1654), Melle, Kelet-Flandria<\/p>\n<p>A deep red leaning towards black in color, crowned with a moderately persistent head. In its aroma, there&#8217;s tremendous intensity, and in its taste, deep complexity. It boasts a huge body with a throat-numbing alcohol presence. It&#8217;s a beverage for bold individuals, an ideal nightcap before bedtime, albeit a potent one.<\/p>\n","protected":false},"excerpt":{"rendered":"<p>9% er\u0151s barna ale Huyghe S\u00f6rf\u0151zde (1654), Melle, Kelet-Flandria A deep red leaning towards black in color, crowned with a moderately persistent head. In its aroma, there&#8217;s tremendous intensity, and in its taste, deep complexity. It boasts a huge body [&hellip;]<\/p>\n","protected":false},"featured_media":7108,"comment_status":"closed","ping_status":"closed","template":"","meta":[],"product_brand":[],"product_cat":[126],"product_tag":[],"class_list":{"0":"post-8870","1":"product","2":"type-product","3":"status-publish","4":"has-post-thumbnail","6":"product_cat-dark-beers","8":"first","9":"instock","10":"shipping-taxable","11":"purchasable","12":"product-type-simple"},"aioseo_notices":[],"_links":{"self":[{"href":"https:\/\/www.belgasorozo.com\/en\/wp-json\/wp\/v2\/product\/8870","targetHints":{"allow":["GET"]}}],"collection":[{"href":"https:\/\/www.belgasorozo.com\/en\/wp-json\/wp\/v2\/product"}],"about":[{"href":"https:\/\/www.belgasorozo.com\/en\/wp-json\/wp\/v2\/types\/product"}],"replies":[{"embeddable":true,"href":"https:\/\/www.belgasorozo.com\/en\/wp-json\/wp\/v2\/comments?post=8870"}],"wp:featuredmedia":[{"embeddable":true,"href":"https:\/\/www.belgasorozo.com\/en\/wp-json\/wp\/v2\/media\/7108"}],"wp:attachment":[{"href":"https:\/\/www.belgasorozo.com\/en\/wp-json\/wp\/v2\/media?parent=8870"}],"wp:term":[{"taxonomy":"product_brand","embeddable":true,"href":"https:\/\/www.belgasorozo.com\/en\/wp-json\/wp\/v2\/product_brand?post=8870"},{"taxonomy":"product_cat","embeddable":true,"href":"https:\/\/www.belgasorozo.com\/en\/wp-json\/wp\/v2\/product_cat?post=8870"},{"taxonomy":"product_tag","embeddable":true,"href":"https:\/\/www.belgasorozo.com\/en\/wp-json\/wp\/v2\/product_tag?post=8870"}],"curies":[{"name":"wp","href":"https:\/\/api.w.org\/{rel}","templated":true}]}}