{"id":8872,"date":"2021-05-02T18:50:46","date_gmt":"2021-05-02T18:50:46","guid":{"rendered":"https:\/\/www.belgasorozo.com\/?post_type=product&#038;p=8872"},"modified":"2025-02-01T10:01:25","modified_gmt":"2025-02-01T10:01:25","slug":"flofeffe-dubbel","status":"publish","type":"product","link":"https:\/\/www.belgasorozo.com\/en\/product\/flofeffe-dubbel\/","title":{"rendered":"Flofeffe Dubbel"},"content":{"rendered":"<h3><em>6,3% ap\u00e1ts\u00e1gi barna dubbel<\/em><\/h3>\n<p>L\u00e9febvre S\u00f6rf\u0151zde (1876), Quenast-Rebec, Brabant<\/p>\n<p>An opaque beverage that evokes the color of darkly brewed black coffee, adorned with short-lived foam. It has a subtle aroma that unfolds after aeration, with notes of coffee and caramelized sugar. Despite its larger-than-medium body, it initially presents a cool flavor profile that later reveals sweet undertones. Childhood treats come to mind, with hints of Turkish delight, but above all, marshmallows in abundance.<\/p>\n","protected":false},"excerpt":{"rendered":"<p>6,3% ap\u00e1ts\u00e1gi barna dubbel L\u00e9febvre S\u00f6rf\u0151zde (1876), Quenast-Rebec, Brabant An opaque beverage that evokes the color of darkly brewed black coffee, adorned with short-lived foam. It has a subtle aroma that unfolds after aeration, with notes of coffee and caramelized [&hellip;]<\/p>\n","protected":false},"featured_media":9205,"comment_status":"closed","ping_status":"closed","template":"","meta":[],"product_brand":[],"product_cat":[126],"product_tag":[],"class_list":{"0":"post-8872","1":"product","2":"type-product","3":"status-publish","4":"has-post-thumbnail","6":"product_cat-dark-beers","8":"first","9":"instock","10":"shipping-taxable","11":"purchasable","12":"product-type-simple"},"aioseo_notices":[],"_links":{"self":[{"href":"https:\/\/www.belgasorozo.com\/en\/wp-json\/wp\/v2\/product\/8872","targetHints":{"allow":["GET"]}}],"collection":[{"href":"https:\/\/www.belgasorozo.com\/en\/wp-json\/wp\/v2\/product"}],"about":[{"href":"https:\/\/www.belgasorozo.com\/en\/wp-json\/wp\/v2\/types\/product"}],"replies":[{"embeddable":true,"href":"https:\/\/www.belgasorozo.com\/en\/wp-json\/wp\/v2\/comments?post=8872"}],"wp:featuredmedia":[{"embeddable":true,"href":"https:\/\/www.belgasorozo.com\/en\/wp-json\/wp\/v2\/media\/9205"}],"wp:attachment":[{"href":"https:\/\/www.belgasorozo.com\/en\/wp-json\/wp\/v2\/media?parent=8872"}],"wp:term":[{"taxonomy":"product_brand","embeddable":true,"href":"https:\/\/www.belgasorozo.com\/en\/wp-json\/wp\/v2\/product_brand?post=8872"},{"taxonomy":"product_cat","embeddable":true,"href":"https:\/\/www.belgasorozo.com\/en\/wp-json\/wp\/v2\/product_cat?post=8872"},{"taxonomy":"product_tag","embeddable":true,"href":"https:\/\/www.belgasorozo.com\/en\/wp-json\/wp\/v2\/product_tag?post=8872"}],"curies":[{"name":"wp","href":"https:\/\/api.w.org\/{rel}","templated":true}]}}