{"id":8878,"date":"2021-06-12T19:28:54","date_gmt":"2021-06-12T19:28:54","guid":{"rendered":"https:\/\/www.belgasorozo.com\/?post_type=product&#038;p=8878"},"modified":"2024-12-08T15:58:29","modified_gmt":"2024-12-08T15:58:29","slug":"floreffe-prima-melior","status":"publish","type":"product","link":"https:\/\/www.belgasorozo.com\/en\/product\/floreffe-prima-melior\/","title":{"rendered":"Floreffe Prima Melior"},"content":{"rendered":"<h3><em>8% ap\u00e1ts\u00e1gi barna ale<br \/>\n<\/em><\/h3>\n<p>Lefebvre S\u00f6rf\u0151zde (1876) Quenast-Rebec<\/p>\n<p>After opening, it is advisable to immediately inhale the fragrance of this masterpiece! The Lefevbre brewery always knows how to present something new to the audience. This time, they&#8217;ve crafted a dense beverage with an opaque black color, a full-bodied and long-lasting foam, infused with anise, coriander, and orange peel. The predominant scent and taste throughout are melon, which is surprising but that&#8217;s what makes this beer exotic and unique. Its spiciness blends nicely with the robust brown beer&#8217;s roasted sweet aromas, not overpowering.<\/p>\n","protected":false},"excerpt":{"rendered":"<p>8% ap\u00e1ts\u00e1gi barna ale Lefebvre S\u00f6rf\u0151zde (1876) Quenast-Rebec After opening, it is advisable to immediately inhale the fragrance of this masterpiece! The Lefevbre brewery always knows how to present something new to the audience. This time, they&#8217;ve crafted a dense [&hellip;]<\/p>\n","protected":false},"featured_media":9207,"comment_status":"closed","ping_status":"closed","template":"","meta":[],"product_brand":[],"product_cat":[126],"product_tag":[],"class_list":{"0":"post-8878","1":"product","2":"type-product","3":"status-publish","4":"has-post-thumbnail","6":"product_cat-dark-beers","8":"first","9":"instock","10":"shipping-taxable","11":"purchasable","12":"product-type-simple"},"aioseo_notices":[],"_links":{"self":[{"href":"https:\/\/www.belgasorozo.com\/en\/wp-json\/wp\/v2\/product\/8878","targetHints":{"allow":["GET"]}}],"collection":[{"href":"https:\/\/www.belgasorozo.com\/en\/wp-json\/wp\/v2\/product"}],"about":[{"href":"https:\/\/www.belgasorozo.com\/en\/wp-json\/wp\/v2\/types\/product"}],"replies":[{"embeddable":true,"href":"https:\/\/www.belgasorozo.com\/en\/wp-json\/wp\/v2\/comments?post=8878"}],"wp:featuredmedia":[{"embeddable":true,"href":"https:\/\/www.belgasorozo.com\/en\/wp-json\/wp\/v2\/media\/9207"}],"wp:attachment":[{"href":"https:\/\/www.belgasorozo.com\/en\/wp-json\/wp\/v2\/media?parent=8878"}],"wp:term":[{"taxonomy":"product_brand","embeddable":true,"href":"https:\/\/www.belgasorozo.com\/en\/wp-json\/wp\/v2\/product_brand?post=8878"},{"taxonomy":"product_cat","embeddable":true,"href":"https:\/\/www.belgasorozo.com\/en\/wp-json\/wp\/v2\/product_cat?post=8878"},{"taxonomy":"product_tag","embeddable":true,"href":"https:\/\/www.belgasorozo.com\/en\/wp-json\/wp\/v2\/product_tag?post=8878"}],"curies":[{"name":"wp","href":"https:\/\/api.w.org\/{rel}","templated":true}]}}