{"id":8883,"date":"2021-05-02T18:50:45","date_gmt":"2021-05-02T18:50:45","guid":{"rendered":"https:\/\/www.belgasorozo.com\/?post_type=product&#038;p=8883"},"modified":"2025-02-01T10:02:45","modified_gmt":"2025-02-01T10:02:45","slug":"gallica-cytrea-zero","status":"publish","type":"product","link":"https:\/\/www.belgasorozo.com\/en\/product\/gallica-cytrea-zero\/","title":{"rendered":"Gallica Cytrea Zero"},"content":{"rendered":"<p><strong>0,0% alkoholmentes citromos barna s\u00f6r<\/strong><\/p>\n<p><strong>Silly S\u00f6rf\u0151zde (1850), Silly, Hainaut<\/strong><\/p>\n<p>Thanks to its special production method, the bitterness of this brown beer is complemented by the added natural lemon juice! It opens new horizons in the world of non-alcoholic beers! We recommend consuming it at 5-8 degrees Celsius. Since it is completely alcohol-free, drivers and pregnant women can also enjoy it!<\/p>\n","protected":false},"excerpt":{"rendered":"<p>0,0% alkoholmentes citromos barna s\u00f6r Silly S\u00f6rf\u0151zde (1850), Silly, Hainaut Thanks to its special production method, the bitterness of this brown beer is complemented by the added natural lemon juice! It opens new horizons in the world of non-alcoholic beers! [&hellip;]<\/p>\n","protected":false},"featured_media":7097,"comment_status":"closed","ping_status":"closed","template":"","meta":[],"product_brand":[],"product_cat":[126],"product_tag":[],"class_list":{"0":"post-8883","1":"product","2":"type-product","3":"status-publish","4":"has-post-thumbnail","6":"product_cat-dark-beers","8":"first","9":"instock","10":"shipping-taxable","11":"purchasable","12":"product-type-simple"},"aioseo_notices":[],"_links":{"self":[{"href":"https:\/\/www.belgasorozo.com\/en\/wp-json\/wp\/v2\/product\/8883","targetHints":{"allow":["GET"]}}],"collection":[{"href":"https:\/\/www.belgasorozo.com\/en\/wp-json\/wp\/v2\/product"}],"about":[{"href":"https:\/\/www.belgasorozo.com\/en\/wp-json\/wp\/v2\/types\/product"}],"replies":[{"embeddable":true,"href":"https:\/\/www.belgasorozo.com\/en\/wp-json\/wp\/v2\/comments?post=8883"}],"wp:featuredmedia":[{"embeddable":true,"href":"https:\/\/www.belgasorozo.com\/en\/wp-json\/wp\/v2\/media\/7097"}],"wp:attachment":[{"href":"https:\/\/www.belgasorozo.com\/en\/wp-json\/wp\/v2\/media?parent=8883"}],"wp:term":[{"taxonomy":"product_brand","embeddable":true,"href":"https:\/\/www.belgasorozo.com\/en\/wp-json\/wp\/v2\/product_brand?post=8883"},{"taxonomy":"product_cat","embeddable":true,"href":"https:\/\/www.belgasorozo.com\/en\/wp-json\/wp\/v2\/product_cat?post=8883"},{"taxonomy":"product_tag","embeddable":true,"href":"https:\/\/www.belgasorozo.com\/en\/wp-json\/wp\/v2\/product_tag?post=8883"}],"curies":[{"name":"wp","href":"https:\/\/api.w.org\/{rel}","templated":true}]}}