{"id":8888,"date":"2022-05-15T08:28:29","date_gmt":"2022-05-15T08:28:29","guid":{"rendered":"https:\/\/www.belgasorozo.com\/?post_type=product&#038;p=8888"},"modified":"2025-02-01T10:04:16","modified_gmt":"2025-02-01T10:04:16","slug":"gouden-carolus-whiskey","status":"publish","type":"product","link":"https:\/\/www.belgasorozo.com\/en\/product\/gouden-carolus-whiskey\/","title":{"rendered":"Gouden Carolus Whiskey"},"content":{"rendered":"<h3><em>11,7% er\u0151s barna ale<br \/>\n<\/em><\/h3>\n<p>Het Anker S\u00f6rf\u0151zde (1369), Mechelen, Antwerpen<\/p>\n<p>&nbsp;<\/p>\n","protected":false},"excerpt":{"rendered":"<p>11,7% er\u0151s barna ale Het Anker S\u00f6rf\u0151zde (1369), Mechelen, Antwerpen &nbsp;<\/p>\n","protected":false},"featured_media":8767,"comment_status":"closed","ping_status":"closed","template":"","meta":[],"product_brand":[],"product_cat":[126],"product_tag":[],"class_list":{"0":"post-8888","1":"product","2":"type-product","3":"status-publish","4":"has-post-thumbnail","6":"product_cat-dark-beers","8":"first","9":"instock","10":"shipping-taxable","11":"purchasable","12":"product-type-simple"},"aioseo_notices":[],"_links":{"self":[{"href":"https:\/\/www.belgasorozo.com\/en\/wp-json\/wp\/v2\/product\/8888","targetHints":{"allow":["GET"]}}],"collection":[{"href":"https:\/\/www.belgasorozo.com\/en\/wp-json\/wp\/v2\/product"}],"about":[{"href":"https:\/\/www.belgasorozo.com\/en\/wp-json\/wp\/v2\/types\/product"}],"replies":[{"embeddable":true,"href":"https:\/\/www.belgasorozo.com\/en\/wp-json\/wp\/v2\/comments?post=8888"}],"wp:featuredmedia":[{"embeddable":true,"href":"https:\/\/www.belgasorozo.com\/en\/wp-json\/wp\/v2\/media\/8767"}],"wp:attachment":[{"href":"https:\/\/www.belgasorozo.com\/en\/wp-json\/wp\/v2\/media?parent=8888"}],"wp:term":[{"taxonomy":"product_brand","embeddable":true,"href":"https:\/\/www.belgasorozo.com\/en\/wp-json\/wp\/v2\/product_brand?post=8888"},{"taxonomy":"product_cat","embeddable":true,"href":"https:\/\/www.belgasorozo.com\/en\/wp-json\/wp\/v2\/product_cat?post=8888"},{"taxonomy":"product_tag","embeddable":true,"href":"https:\/\/www.belgasorozo.com\/en\/wp-json\/wp\/v2\/product_tag?post=8888"}],"curies":[{"name":"wp","href":"https:\/\/api.w.org\/{rel}","templated":true}]}}