{"id":8946,"date":"2021-05-02T18:49:49","date_gmt":"2021-05-02T18:49:49","guid":{"rendered":"https:\/\/www.belgasorozo.com\/?post_type=product&#038;p=8946"},"modified":"2026-02-21T12:21:06","modified_gmt":"2026-02-21T12:21:06","slug":"averbode","status":"publish","type":"product","link":"https:\/\/www.belgasorozo.com\/en\/product\/averbode\/","title":{"rendered":"Averbode"},"content":{"rendered":"<p><strong>7,5% ap\u00e1ts\u00e1gi vil\u00e1gos ale<\/strong><\/p>\n<p><em>Huyghe S\u00f6rf\u0151zde (1654)\u00a0 Melle, Kelet-Flandria<\/em><\/p>\n<p>Beautiful, golden-yellow color with a large white head. Its sweet scent carries floral and green apple notes that play with the delicate hop aroma. The intense flavor fills the palate with pleasant malt sweetness initially, followed by a strong hop bitterness thanks to the beneficial effects of dry hopping. Brewed using three types of grains (barley, oats, and spelt), this beer is a bottle-fermented specialty.<\/p>\n","protected":false},"excerpt":{"rendered":"<p>7,5% ap\u00e1ts\u00e1gi vil\u00e1gos ale Huyghe S\u00f6rf\u0151zde (1654)\u00a0 Melle, Kelet-Flandria Beautiful, golden-yellow color with a large white head. Its sweet scent carries floral and green apple notes that play with the delicate hop aroma. The intense flavor fills the palate with [&hellip;]<\/p>\n","protected":false},"featured_media":7002,"comment_status":"closed","ping_status":"closed","template":"","meta":[],"product_brand":[],"product_cat":[129],"product_tag":[],"class_list":{"0":"post-8946","1":"product","2":"type-product","3":"status-publish","4":"has-post-thumbnail","6":"product_cat-light-beers","8":"first","9":"instock","10":"shipping-taxable","11":"purchasable","12":"product-type-simple"},"aioseo_notices":[],"_links":{"self":[{"href":"https:\/\/www.belgasorozo.com\/en\/wp-json\/wp\/v2\/product\/8946","targetHints":{"allow":["GET"]}}],"collection":[{"href":"https:\/\/www.belgasorozo.com\/en\/wp-json\/wp\/v2\/product"}],"about":[{"href":"https:\/\/www.belgasorozo.com\/en\/wp-json\/wp\/v2\/types\/product"}],"replies":[{"embeddable":true,"href":"https:\/\/www.belgasorozo.com\/en\/wp-json\/wp\/v2\/comments?post=8946"}],"wp:featuredmedia":[{"embeddable":true,"href":"https:\/\/www.belgasorozo.com\/en\/wp-json\/wp\/v2\/media\/7002"}],"wp:attachment":[{"href":"https:\/\/www.belgasorozo.com\/en\/wp-json\/wp\/v2\/media?parent=8946"}],"wp:term":[{"taxonomy":"product_brand","embeddable":true,"href":"https:\/\/www.belgasorozo.com\/en\/wp-json\/wp\/v2\/product_brand?post=8946"},{"taxonomy":"product_cat","embeddable":true,"href":"https:\/\/www.belgasorozo.com\/en\/wp-json\/wp\/v2\/product_cat?post=8946"},{"taxonomy":"product_tag","embeddable":true,"href":"https:\/\/www.belgasorozo.com\/en\/wp-json\/wp\/v2\/product_tag?post=8946"}],"curies":[{"name":"wp","href":"https:\/\/api.w.org\/{rel}","templated":true}]}}