{"id":8954,"date":"2021-05-02T18:50:06","date_gmt":"2021-05-02T18:50:06","guid":{"rendered":"https:\/\/www.belgasorozo.com\/?post_type=product&#038;p=8954"},"modified":"2025-02-01T09:55:53","modified_gmt":"2025-02-01T09:55:53","slug":"barbar-blonde","status":"publish","type":"product","link":"https:\/\/www.belgasorozo.com\/en\/product\/barbar-blonde\/","title":{"rendered":"Barbar Blonde"},"content":{"rendered":"<h3><em>8% m\u00e9zes vil\u00e1gos ale<\/em><\/h3>\n<p>L\u00e9febvre S\u00f6rf\u0151zde (1876), Quenast-Rebec, Brabant<\/p>\n<p>This beer, containing 2.5% honey, emits scents of honey and sweet grape must. It has a slightly caramel-like flavor. Amidst its sweet base flavor, there&#8217;s an intense honey sensation that masks the mild bitterness. At the finish, a beautiful, rounded hop taste lingers with a hint of orange zest bitterness. A complex, well-structured beer with a long aftertaste. Very generous and truly great!<\/p>\n","protected":false},"excerpt":{"rendered":"<p>8% m\u00e9zes vil\u00e1gos ale L\u00e9febvre S\u00f6rf\u0151zde (1876), Quenast-Rebec, Brabant This beer, containing 2.5% honey, emits scents of honey and sweet grape must. It has a slightly caramel-like flavor. Amidst its sweet base flavor, there&#8217;s an intense honey sensation that masks [&hellip;]<\/p>\n","protected":false},"featured_media":7027,"comment_status":"closed","ping_status":"closed","template":"","meta":[],"product_brand":[],"product_cat":[129],"product_tag":[],"class_list":{"0":"post-8954","1":"product","2":"type-product","3":"status-publish","4":"has-post-thumbnail","6":"product_cat-light-beers","8":"first","9":"instock","10":"shipping-taxable","11":"purchasable","12":"product-type-simple"},"aioseo_notices":[],"_links":{"self":[{"href":"https:\/\/www.belgasorozo.com\/en\/wp-json\/wp\/v2\/product\/8954","targetHints":{"allow":["GET"]}}],"collection":[{"href":"https:\/\/www.belgasorozo.com\/en\/wp-json\/wp\/v2\/product"}],"about":[{"href":"https:\/\/www.belgasorozo.com\/en\/wp-json\/wp\/v2\/types\/product"}],"replies":[{"embeddable":true,"href":"https:\/\/www.belgasorozo.com\/en\/wp-json\/wp\/v2\/comments?post=8954"}],"wp:featuredmedia":[{"embeddable":true,"href":"https:\/\/www.belgasorozo.com\/en\/wp-json\/wp\/v2\/media\/7027"}],"wp:attachment":[{"href":"https:\/\/www.belgasorozo.com\/en\/wp-json\/wp\/v2\/media?parent=8954"}],"wp:term":[{"taxonomy":"product_brand","embeddable":true,"href":"https:\/\/www.belgasorozo.com\/en\/wp-json\/wp\/v2\/product_brand?post=8954"},{"taxonomy":"product_cat","embeddable":true,"href":"https:\/\/www.belgasorozo.com\/en\/wp-json\/wp\/v2\/product_cat?post=8954"},{"taxonomy":"product_tag","embeddable":true,"href":"https:\/\/www.belgasorozo.com\/en\/wp-json\/wp\/v2\/product_tag?post=8954"}],"curies":[{"name":"wp","href":"https:\/\/api.w.org\/{rel}","templated":true}]}}