{"id":8960,"date":"2021-05-02T18:50:06","date_gmt":"2021-05-02T18:50:06","guid":{"rendered":"https:\/\/www.belgasorozo.com\/?post_type=product&#038;p=8960"},"modified":"2026-02-21T12:21:55","modified_gmt":"2026-02-21T12:21:55","slug":"bush-tripel","status":"publish","type":"product","link":"https:\/\/www.belgasorozo.com\/en\/product\/bush-tripel\/","title":{"rendered":"Bush Tripel"},"content":{"rendered":"<h3><em>10,5% vil\u00e1gos ale<\/em><\/h3>\n<p>Dubuisson s\u00f6rf\u0151zde (1769), Pipaix, Hainaut<\/p>\n<p>The blonde sister of Belgium&#8217;s strongest beer, Bush. Its appearance is stunning, and its sweet aroma is alluring: honey, vanilla, and fresh fruits gently beckon. Bring it close to enjoy its sweet taste! It starts with a honey-sweet beginning and ends with a pleasing, soft bitterness accompanied by fresh citrus notes. It has a light body and a silky touch. A unique experience that you&#8217;ll want to relive over and over, realizing eventually that the innocent maiden you thought you knew is actually a demon in disguise. It easily outwits us, but no matter what it does to us, we will love it forever.<\/p>\n","protected":false},"excerpt":{"rendered":"<p>10,5% vil\u00e1gos ale Dubuisson s\u00f6rf\u0151zde (1769), Pipaix, Hainaut The blonde sister of Belgium&#8217;s strongest beer, Bush. Its appearance is stunning, and its sweet aroma is alluring: honey, vanilla, and fresh fruits gently beckon. Bring it close to enjoy its sweet [&hellip;]<\/p>\n","protected":false},"featured_media":7038,"comment_status":"closed","ping_status":"closed","template":"","meta":[],"product_brand":[],"product_cat":[129],"product_tag":[],"class_list":{"0":"post-8960","1":"product","2":"type-product","3":"status-publish","4":"has-post-thumbnail","6":"product_cat-light-beers","8":"first","9":"instock","10":"shipping-taxable","11":"purchasable","12":"product-type-simple"},"aioseo_notices":[],"_links":{"self":[{"href":"https:\/\/www.belgasorozo.com\/en\/wp-json\/wp\/v2\/product\/8960","targetHints":{"allow":["GET"]}}],"collection":[{"href":"https:\/\/www.belgasorozo.com\/en\/wp-json\/wp\/v2\/product"}],"about":[{"href":"https:\/\/www.belgasorozo.com\/en\/wp-json\/wp\/v2\/types\/product"}],"replies":[{"embeddable":true,"href":"https:\/\/www.belgasorozo.com\/en\/wp-json\/wp\/v2\/comments?post=8960"}],"wp:featuredmedia":[{"embeddable":true,"href":"https:\/\/www.belgasorozo.com\/en\/wp-json\/wp\/v2\/media\/7038"}],"wp:attachment":[{"href":"https:\/\/www.belgasorozo.com\/en\/wp-json\/wp\/v2\/media?parent=8960"}],"wp:term":[{"taxonomy":"product_brand","embeddable":true,"href":"https:\/\/www.belgasorozo.com\/en\/wp-json\/wp\/v2\/product_brand?post=8960"},{"taxonomy":"product_cat","embeddable":true,"href":"https:\/\/www.belgasorozo.com\/en\/wp-json\/wp\/v2\/product_cat?post=8960"},{"taxonomy":"product_tag","embeddable":true,"href":"https:\/\/www.belgasorozo.com\/en\/wp-json\/wp\/v2\/product_tag?post=8960"}],"curies":[{"name":"wp","href":"https:\/\/api.w.org\/{rel}","templated":true}]}}