{"id":8970,"date":"2021-05-02T18:49:49","date_gmt":"2021-05-02T18:49:49","guid":{"rendered":"https:\/\/www.belgasorozo.com\/?post_type=product&#038;p=8970"},"modified":"2025-02-01T09:58:20","modified_gmt":"2025-02-01T09:58:20","slug":"cornet","status":"publish","type":"product","link":"https:\/\/www.belgasorozo.com\/en\/product\/cornet\/","title":{"rendered":"Cornet"},"content":{"rendered":"<p><strong><em>8,3% t\u00f6lgyfahord\u00f3ban \u00e9rlelt vil\u00e1gos ale<\/em><\/strong><\/p>\n<p><em>Palm (1747) Steenhuffel, Brabant<\/em><\/p>\n<p>Signs of oak barrel aging are apparent in this unique craft beer. Hence, it reminds us of high-quality, semi-dry white wines or aged wines. The beer achieves perfect harmony between the oak barrel character and fruitiness, enriched by yeast and sweet vanilla aromas. A top-fermented beer of excellent quality is concealed within the bottle. The beer is named after Theodoor Cornet, who operated an inn, brewery, and distillery under the name &#8220;DE HOORN&#8221; in Steenhuffel.<\/p>\n","protected":false},"excerpt":{"rendered":"<p>8,3% t\u00f6lgyfahord\u00f3ban \u00e9rlelt vil\u00e1gos ale Palm (1747) Steenhuffel, Brabant Signs of oak barrel aging are apparent in this unique craft beer. Hence, it reminds us of high-quality, semi-dry white wines or aged wines. The beer achieves perfect harmony between the [&hellip;]<\/p>\n","protected":false},"featured_media":7005,"comment_status":"closed","ping_status":"closed","template":"","meta":[],"product_brand":[],"product_cat":[129],"product_tag":[],"class_list":{"0":"post-8970","1":"product","2":"type-product","3":"status-publish","4":"has-post-thumbnail","6":"product_cat-light-beers","8":"first","9":"instock","10":"shipping-taxable","11":"purchasable","12":"product-type-simple"},"aioseo_notices":[],"_links":{"self":[{"href":"https:\/\/www.belgasorozo.com\/en\/wp-json\/wp\/v2\/product\/8970","targetHints":{"allow":["GET"]}}],"collection":[{"href":"https:\/\/www.belgasorozo.com\/en\/wp-json\/wp\/v2\/product"}],"about":[{"href":"https:\/\/www.belgasorozo.com\/en\/wp-json\/wp\/v2\/types\/product"}],"replies":[{"embeddable":true,"href":"https:\/\/www.belgasorozo.com\/en\/wp-json\/wp\/v2\/comments?post=8970"}],"wp:featuredmedia":[{"embeddable":true,"href":"https:\/\/www.belgasorozo.com\/en\/wp-json\/wp\/v2\/media\/7005"}],"wp:attachment":[{"href":"https:\/\/www.belgasorozo.com\/en\/wp-json\/wp\/v2\/media?parent=8970"}],"wp:term":[{"taxonomy":"product_brand","embeddable":true,"href":"https:\/\/www.belgasorozo.com\/en\/wp-json\/wp\/v2\/product_brand?post=8970"},{"taxonomy":"product_cat","embeddable":true,"href":"https:\/\/www.belgasorozo.com\/en\/wp-json\/wp\/v2\/product_cat?post=8970"},{"taxonomy":"product_tag","embeddable":true,"href":"https:\/\/www.belgasorozo.com\/en\/wp-json\/wp\/v2\/product_tag?post=8970"}],"curies":[{"name":"wp","href":"https:\/\/api.w.org\/{rel}","templated":true}]}}