{"id":8976,"date":"2021-05-02T18:49:50","date_gmt":"2021-05-02T18:49:50","guid":{"rendered":"https:\/\/www.belgasorozo.com\/?post_type=product&#038;p=8976"},"modified":"2026-02-21T12:22:37","modified_gmt":"2026-02-21T12:22:37","slug":"corsendonk-agnus-tripel","status":"publish","type":"product","link":"https:\/\/www.belgasorozo.com\/en\/product\/corsendonk-agnus-tripel\/","title":{"rendered":"Corsendonk Agnus Tripel"},"content":{"rendered":"<h3><em>7,5% ap\u00e1ts\u00e1gi vil\u00e1gos tripel<\/em><\/h3>\n<p>Du Bocq S\u00f6rf\u0151zde (1858), Purnode, Namur<\/p>\n<p>If you can speak of &#8220;finesse&#8221; in a beer comparable to that in wine, it&#8217;s present in this beer. Its initial scent is reminiscent of muscat grapes, later accompanied by apple and musty aromas. Describing its taste is challenging due to the discreet spiciness and deep complexity it holds. The grape-like character is perceptible throughout, merging into a silky, cognac-like aftertaste.<\/p>\n","protected":false},"excerpt":{"rendered":"<p>7,5% ap\u00e1ts\u00e1gi vil\u00e1gos tripel Du Bocq S\u00f6rf\u0151zde (1858), Purnode, Namur If you can speak of &#8220;finesse&#8221; in a beer comparable to that in wine, it&#8217;s present in this beer. Its initial scent is reminiscent of muscat grapes, later accompanied by [&hellip;]<\/p>\n","protected":false},"featured_media":7019,"comment_status":"closed","ping_status":"closed","template":"","meta":[],"product_brand":[],"product_cat":[129],"product_tag":[],"class_list":{"0":"post-8976","1":"product","2":"type-product","3":"status-publish","4":"has-post-thumbnail","6":"product_cat-light-beers","8":"first","9":"instock","10":"shipping-taxable","11":"purchasable","12":"product-type-simple"},"aioseo_notices":[],"_links":{"self":[{"href":"https:\/\/www.belgasorozo.com\/en\/wp-json\/wp\/v2\/product\/8976","targetHints":{"allow":["GET"]}}],"collection":[{"href":"https:\/\/www.belgasorozo.com\/en\/wp-json\/wp\/v2\/product"}],"about":[{"href":"https:\/\/www.belgasorozo.com\/en\/wp-json\/wp\/v2\/types\/product"}],"replies":[{"embeddable":true,"href":"https:\/\/www.belgasorozo.com\/en\/wp-json\/wp\/v2\/comments?post=8976"}],"wp:featuredmedia":[{"embeddable":true,"href":"https:\/\/www.belgasorozo.com\/en\/wp-json\/wp\/v2\/media\/7019"}],"wp:attachment":[{"href":"https:\/\/www.belgasorozo.com\/en\/wp-json\/wp\/v2\/media?parent=8976"}],"wp:term":[{"taxonomy":"product_brand","embeddable":true,"href":"https:\/\/www.belgasorozo.com\/en\/wp-json\/wp\/v2\/product_brand?post=8976"},{"taxonomy":"product_cat","embeddable":true,"href":"https:\/\/www.belgasorozo.com\/en\/wp-json\/wp\/v2\/product_cat?post=8976"},{"taxonomy":"product_tag","embeddable":true,"href":"https:\/\/www.belgasorozo.com\/en\/wp-json\/wp\/v2\/product_tag?post=8976"}],"curies":[{"name":"wp","href":"https:\/\/api.w.org\/{rel}","templated":true}]}}