{"id":8977,"date":"2021-05-02T18:50:06","date_gmt":"2021-05-02T18:50:06","guid":{"rendered":"https:\/\/www.belgasorozo.com\/?post_type=product&#038;p=8977"},"modified":"2026-02-21T12:23:12","modified_gmt":"2026-02-21T12:23:12","slug":"cuvee-des-trolls","status":"publish","type":"product","link":"https:\/\/www.belgasorozo.com\/en\/product\/cuvee-des-trolls\/","title":{"rendered":"Cuv\u00e9e des Trolls"},"content":{"rendered":"<h3><em>7% vil\u00e1gos vallon ale<\/em><\/h3>\n<p>Dubuisson S\u00f6rf\u0151zde (1769), Pipaix, Hainaut<\/p>\n<p>Trolls are giant or dwarf forest spirits with wrinkled faces and prominent ears in Germanic mythology. Their cuv\u00e9e enchants with its light orange-yellow hue and cognac-like, wildflower scent, almost as if flower pollen is floating into our noses. When you take the first sip, you&#8217;ll taste a beautifully balanced beverage. It&#8217;s robust but not too heavy, alcoholic but not harsh, slightly tangy, slightly bitter.<\/p>\n","protected":false},"excerpt":{"rendered":"<p>7% vil\u00e1gos vallon ale Dubuisson S\u00f6rf\u0151zde (1769), Pipaix, Hainaut Trolls are giant or dwarf forest spirits with wrinkled faces and prominent ears in Germanic mythology. Their cuv\u00e9e enchants with its light orange-yellow hue and cognac-like, wildflower scent, almost as if [&hellip;]<\/p>\n","protected":false},"featured_media":7042,"comment_status":"closed","ping_status":"closed","template":"","meta":[],"product_brand":[],"product_cat":[129],"product_tag":[],"class_list":{"0":"post-8977","1":"product","2":"type-product","3":"status-publish","4":"has-post-thumbnail","6":"product_cat-light-beers","8":"first","9":"instock","10":"shipping-taxable","11":"purchasable","12":"product-type-simple"},"aioseo_notices":[],"_links":{"self":[{"href":"https:\/\/www.belgasorozo.com\/en\/wp-json\/wp\/v2\/product\/8977","targetHints":{"allow":["GET"]}}],"collection":[{"href":"https:\/\/www.belgasorozo.com\/en\/wp-json\/wp\/v2\/product"}],"about":[{"href":"https:\/\/www.belgasorozo.com\/en\/wp-json\/wp\/v2\/types\/product"}],"replies":[{"embeddable":true,"href":"https:\/\/www.belgasorozo.com\/en\/wp-json\/wp\/v2\/comments?post=8977"}],"wp:featuredmedia":[{"embeddable":true,"href":"https:\/\/www.belgasorozo.com\/en\/wp-json\/wp\/v2\/media\/7042"}],"wp:attachment":[{"href":"https:\/\/www.belgasorozo.com\/en\/wp-json\/wp\/v2\/media?parent=8977"}],"wp:term":[{"taxonomy":"product_brand","embeddable":true,"href":"https:\/\/www.belgasorozo.com\/en\/wp-json\/wp\/v2\/product_brand?post=8977"},{"taxonomy":"product_cat","embeddable":true,"href":"https:\/\/www.belgasorozo.com\/en\/wp-json\/wp\/v2\/product_cat?post=8977"},{"taxonomy":"product_tag","embeddable":true,"href":"https:\/\/www.belgasorozo.com\/en\/wp-json\/wp\/v2\/product_tag?post=8977"}],"curies":[{"name":"wp","href":"https:\/\/api.w.org\/{rel}","templated":true}]}}