{"id":8981,"date":"2021-05-02T18:49:50","date_gmt":"2021-05-02T18:49:50","guid":{"rendered":"https:\/\/www.belgasorozo.com\/?post_type=product&#038;p=8981"},"modified":"2026-02-21T12:23:57","modified_gmt":"2026-02-21T12:23:57","slug":"delirium-tremens","status":"publish","type":"product","link":"https:\/\/www.belgasorozo.com\/en\/product\/delirium-tremens\/","title":{"rendered":"Delirium Tremens"},"content":{"rendered":"<h3><em>8,5% er\u0151s aranysz\u00edn\u0171 ale<\/em><\/h3>\n<p>Huyghe S\u00f6rf\u0151zde (1654), Melle, Kelet-Flandria<\/p>\n<p>The label on the bottle is adorned with dancing pink elephants, indicating the probable visions that may arise after excessive consumption of this high-alcohol beer. The beer has a small, persistent head and a beautiful pale gold color. Its scent is a mixture of almost erotic tones. Over the substantial body, a gently spicy-malty base taste prevails, overridden primarily by alcohol and secondarily by a strong bitter background taste with peppery notes. The last sip is followed by a short, bitter aftertaste and lingering sweetness.<\/p>\n","protected":false},"excerpt":{"rendered":"<p>8,5% er\u0151s aranysz\u00edn\u0171 ale Huyghe S\u00f6rf\u0151zde (1654), Melle, Kelet-Flandria The label on the bottle is adorned with dancing pink elephants, indicating the probable visions that may arise after excessive consumption of this high-alcohol beer. The beer has a small, persistent [&hellip;]<\/p>\n","protected":false},"featured_media":7016,"comment_status":"closed","ping_status":"closed","template":"","meta":[],"product_brand":[],"product_cat":[129],"product_tag":[],"class_list":{"0":"post-8981","1":"product","2":"type-product","3":"status-publish","4":"has-post-thumbnail","6":"product_cat-light-beers","8":"first","9":"instock","10":"shipping-taxable","11":"purchasable","12":"product-type-simple"},"aioseo_notices":[],"_links":{"self":[{"href":"https:\/\/www.belgasorozo.com\/en\/wp-json\/wp\/v2\/product\/8981","targetHints":{"allow":["GET"]}}],"collection":[{"href":"https:\/\/www.belgasorozo.com\/en\/wp-json\/wp\/v2\/product"}],"about":[{"href":"https:\/\/www.belgasorozo.com\/en\/wp-json\/wp\/v2\/types\/product"}],"replies":[{"embeddable":true,"href":"https:\/\/www.belgasorozo.com\/en\/wp-json\/wp\/v2\/comments?post=8981"}],"wp:featuredmedia":[{"embeddable":true,"href":"https:\/\/www.belgasorozo.com\/en\/wp-json\/wp\/v2\/media\/7016"}],"wp:attachment":[{"href":"https:\/\/www.belgasorozo.com\/en\/wp-json\/wp\/v2\/media?parent=8981"}],"wp:term":[{"taxonomy":"product_brand","embeddable":true,"href":"https:\/\/www.belgasorozo.com\/en\/wp-json\/wp\/v2\/product_brand?post=8981"},{"taxonomy":"product_cat","embeddable":true,"href":"https:\/\/www.belgasorozo.com\/en\/wp-json\/wp\/v2\/product_cat?post=8981"},{"taxonomy":"product_tag","embeddable":true,"href":"https:\/\/www.belgasorozo.com\/en\/wp-json\/wp\/v2\/product_tag?post=8981"}],"curies":[{"name":"wp","href":"https:\/\/api.w.org\/{rel}","templated":true}]}}