{"id":8983,"date":"2021-05-02T18:50:06","date_gmt":"2021-05-02T18:50:06","guid":{"rendered":"https:\/\/www.belgasorozo.com\/?post_type=product&#038;p=8983"},"modified":"2025-02-01T10:00:29","modified_gmt":"2025-02-01T10:00:29","slug":"duvel","status":"publish","type":"product","link":"https:\/\/www.belgasorozo.com\/en\/product\/duvel\/","title":{"rendered":"Duvel"},"content":{"rendered":"<h3><em>8,5% er\u0151s aranysz\u00edn\u0171 ale<\/em><\/h3>\n<p>Duvel-Moortgat S\u00f6rf\u0151zde (1871), Antwerpen<\/p>\n<p>Its name suggests that this beer is devilishly good! It&#8217;s a straw-yellow to golden beer with a long-lasting, sturdy head. The scent combines pure hops with apples and a touch of perversity. Despite its high alcohol content, it smoothly and elegantly blends with the rounded bitterness. Its complex aftertaste is long-lasting and somewhat reminiscent of Williams pear. A grand, full-bodied beer.<\/p>\n","protected":false},"excerpt":{"rendered":"<p>8,5% er\u0151s aranysz\u00edn\u0171 ale Duvel-Moortgat S\u00f6rf\u0151zde (1871), Antwerpen Its name suggests that this beer is devilishly good! It&#8217;s a straw-yellow to golden beer with a long-lasting, sturdy head. The scent combines pure hops with apples and a touch of perversity. [&hellip;]<\/p>\n","protected":false},"featured_media":7028,"comment_status":"closed","ping_status":"closed","template":"","meta":[],"product_brand":[],"product_cat":[129],"product_tag":[],"class_list":{"0":"post-8983","1":"product","2":"type-product","3":"status-publish","4":"has-post-thumbnail","6":"product_cat-light-beers","8":"first","9":"instock","10":"shipping-taxable","11":"purchasable","12":"product-type-simple"},"aioseo_notices":[],"_links":{"self":[{"href":"https:\/\/www.belgasorozo.com\/en\/wp-json\/wp\/v2\/product\/8983","targetHints":{"allow":["GET"]}}],"collection":[{"href":"https:\/\/www.belgasorozo.com\/en\/wp-json\/wp\/v2\/product"}],"about":[{"href":"https:\/\/www.belgasorozo.com\/en\/wp-json\/wp\/v2\/types\/product"}],"replies":[{"embeddable":true,"href":"https:\/\/www.belgasorozo.com\/en\/wp-json\/wp\/v2\/comments?post=8983"}],"wp:featuredmedia":[{"embeddable":true,"href":"https:\/\/www.belgasorozo.com\/en\/wp-json\/wp\/v2\/media\/7028"}],"wp:attachment":[{"href":"https:\/\/www.belgasorozo.com\/en\/wp-json\/wp\/v2\/media?parent=8983"}],"wp:term":[{"taxonomy":"product_brand","embeddable":true,"href":"https:\/\/www.belgasorozo.com\/en\/wp-json\/wp\/v2\/product_brand?post=8983"},{"taxonomy":"product_cat","embeddable":true,"href":"https:\/\/www.belgasorozo.com\/en\/wp-json\/wp\/v2\/product_cat?post=8983"},{"taxonomy":"product_tag","embeddable":true,"href":"https:\/\/www.belgasorozo.com\/en\/wp-json\/wp\/v2\/product_tag?post=8983"}],"curies":[{"name":"wp","href":"https:\/\/api.w.org\/{rel}","templated":true}]}}