{"id":8984,"date":"2021-05-02T18:50:07","date_gmt":"2021-05-02T18:50:07","guid":{"rendered":"https:\/\/www.belgasorozo.com\/?post_type=product&#038;p=8984"},"modified":"2025-02-01T10:00:48","modified_gmt":"2025-02-01T10:00:48","slug":"duvel-tripel-hop","status":"publish","type":"product","link":"https:\/\/www.belgasorozo.com\/en\/product\/duvel-tripel-hop\/","title":{"rendered":"Duvel Tripel Hop"},"content":{"rendered":"<h3><em>9,5% er\u0151sen koml\u00f3zott er\u0151s aranysz\u00edn\u0171 ale<\/em><\/h3>\n<p>Duvel-Moortgat S\u00f6rf\u0151zde (1871) Antwerpen<\/p>\n<p>The legend continues! Duvel Tripel Hop is not a new beer but rather a new Duvel. The original beer has remained unchanged for over 90 years, using two types of hops. As the name suggests, Tripel Hop includes a third \u2013 annually changing \u2013 hop variety, which, thanks to the dry hopping process, adds new, powerful hop flavors and aromas to the beer&#8217;s character while preserving the beloved classic Duvel taste. In other words, each year, in limited quantities, a new and unique Duvel is born!<\/p>\n","protected":false},"excerpt":{"rendered":"<p>9,5% er\u0151sen koml\u00f3zott er\u0151s aranysz\u00edn\u0171 ale Duvel-Moortgat S\u00f6rf\u0151zde (1871) Antwerpen The legend continues! Duvel Tripel Hop is not a new beer but rather a new Duvel. The original beer has remained unchanged for over 90 years, using two types of [&hellip;]<\/p>\n","protected":false},"featured_media":7046,"comment_status":"closed","ping_status":"closed","template":"","meta":[],"product_brand":[],"product_cat":[129],"product_tag":[],"class_list":{"0":"post-8984","1":"product","2":"type-product","3":"status-publish","4":"has-post-thumbnail","6":"product_cat-light-beers","8":"first","9":"instock","10":"shipping-taxable","11":"purchasable","12":"product-type-simple"},"aioseo_notices":[],"_links":{"self":[{"href":"https:\/\/www.belgasorozo.com\/en\/wp-json\/wp\/v2\/product\/8984","targetHints":{"allow":["GET"]}}],"collection":[{"href":"https:\/\/www.belgasorozo.com\/en\/wp-json\/wp\/v2\/product"}],"about":[{"href":"https:\/\/www.belgasorozo.com\/en\/wp-json\/wp\/v2\/types\/product"}],"replies":[{"embeddable":true,"href":"https:\/\/www.belgasorozo.com\/en\/wp-json\/wp\/v2\/comments?post=8984"}],"wp:featuredmedia":[{"embeddable":true,"href":"https:\/\/www.belgasorozo.com\/en\/wp-json\/wp\/v2\/media\/7046"}],"wp:attachment":[{"href":"https:\/\/www.belgasorozo.com\/en\/wp-json\/wp\/v2\/media?parent=8984"}],"wp:term":[{"taxonomy":"product_brand","embeddable":true,"href":"https:\/\/www.belgasorozo.com\/en\/wp-json\/wp\/v2\/product_brand?post=8984"},{"taxonomy":"product_cat","embeddable":true,"href":"https:\/\/www.belgasorozo.com\/en\/wp-json\/wp\/v2\/product_cat?post=8984"},{"taxonomy":"product_tag","embeddable":true,"href":"https:\/\/www.belgasorozo.com\/en\/wp-json\/wp\/v2\/product_tag?post=8984"}],"curies":[{"name":"wp","href":"https:\/\/api.w.org\/{rel}","templated":true}]}}