{"id":9004,"date":"2021-05-02T18:49:50","date_gmt":"2021-05-02T18:49:50","guid":{"rendered":"https:\/\/www.belgasorozo.com\/?post_type=product&#038;p=9004"},"modified":"2025-02-01T10:07:31","modified_gmt":"2025-02-01T10:07:31","slug":"kasteel-tripel","status":"publish","type":"product","link":"https:\/\/www.belgasorozo.com\/en\/product\/kasteel-tripel\/","title":{"rendered":"Kasteel Tripel"},"content":{"rendered":"<h3><em>11% vil\u00e1gos flamand tripel<\/em><\/h3>\n<p>Van Honsebrouck S\u00f6rf\u0151zde (1900), Ingelmunster<\/p>\n<p>This beer is a true &#8220;castle beer,&#8221; brewed in the Ingelmunster Castle. In style, it resembles a strong abbey tripel beer, but it&#8217;s drier and has a more acidic taste impact. Citrusy-hoppy aromas emerge from the bottle. The beer has a large body and a high alcohol content. Its creamy texture is adorned with citrus and walnut flavors. Upon swallowing, vanilla appears, and the aftertaste reveals tannic hints reminiscent of oak barrel aging. A memorable beer!2750<\/p>\n","protected":false},"excerpt":{"rendered":"<p>11% vil\u00e1gos flamand tripel Van Honsebrouck S\u00f6rf\u0151zde (1900), Ingelmunster This beer is a true &#8220;castle beer,&#8221; brewed in the Ingelmunster Castle. In style, it resembles a strong abbey tripel beer, but it&#8217;s drier and has a more acidic taste impact. [&hellip;]<\/p>\n","protected":false},"featured_media":7018,"comment_status":"closed","ping_status":"closed","template":"","meta":[],"product_brand":[],"product_cat":[129],"product_tag":[],"class_list":{"0":"post-9004","1":"product","2":"type-product","3":"status-publish","4":"has-post-thumbnail","6":"product_cat-light-beers","8":"first","9":"instock","10":"shipping-taxable","11":"purchasable","12":"product-type-simple"},"aioseo_notices":[],"_links":{"self":[{"href":"https:\/\/www.belgasorozo.com\/en\/wp-json\/wp\/v2\/product\/9004","targetHints":{"allow":["GET"]}}],"collection":[{"href":"https:\/\/www.belgasorozo.com\/en\/wp-json\/wp\/v2\/product"}],"about":[{"href":"https:\/\/www.belgasorozo.com\/en\/wp-json\/wp\/v2\/types\/product"}],"replies":[{"embeddable":true,"href":"https:\/\/www.belgasorozo.com\/en\/wp-json\/wp\/v2\/comments?post=9004"}],"wp:featuredmedia":[{"embeddable":true,"href":"https:\/\/www.belgasorozo.com\/en\/wp-json\/wp\/v2\/media\/7018"}],"wp:attachment":[{"href":"https:\/\/www.belgasorozo.com\/en\/wp-json\/wp\/v2\/media?parent=9004"}],"wp:term":[{"taxonomy":"product_brand","embeddable":true,"href":"https:\/\/www.belgasorozo.com\/en\/wp-json\/wp\/v2\/product_brand?post=9004"},{"taxonomy":"product_cat","embeddable":true,"href":"https:\/\/www.belgasorozo.com\/en\/wp-json\/wp\/v2\/product_cat?post=9004"},{"taxonomy":"product_tag","embeddable":true,"href":"https:\/\/www.belgasorozo.com\/en\/wp-json\/wp\/v2\/product_tag?post=9004"}],"curies":[{"name":"wp","href":"https:\/\/api.w.org\/{rel}","templated":true}]}}