{"id":9009,"date":"2021-05-02T18:50:06","date_gmt":"2021-05-02T18:50:06","guid":{"rendered":"https:\/\/www.belgasorozo.com\/?post_type=product&#038;p=9009"},"modified":"2025-02-01T10:07:41","modified_gmt":"2025-02-01T10:07:41","slug":"la-chouffe","status":"publish","type":"product","link":"https:\/\/www.belgasorozo.com\/en\/product\/la-chouffe\/","title":{"rendered":"La Chouffe"},"content":{"rendered":"<h3><em>8% vil\u00e1gos ale<\/em><\/h3>\n<p>Achouffe S\u00f6rf\u0151zde (1970), Achouffe, Liege<\/p>\n<p>A journey to the land of dwarves. The golden, unfiltered beer of these mythical creatures is crowned by a large, white head. Its taste is pleasantly fruity, spicy, and delicately sweet. The strong bitterness that appears at the end of the sip quickly fades away. Its light body doesn&#8217;t hint at the strength of the beer, but the alcoholic aftertaste reminds you that this drink can knock even a dwarf off its feet. The Ardennes&#8217; little people probably measure their beer in tiny glasses since an adult-sized bottle would send generations of dwarves into deep slumber.<\/p>\n","protected":false},"excerpt":{"rendered":"<p>8% vil\u00e1gos ale Achouffe S\u00f6rf\u0151zde (1970), Achouffe, Liege A journey to the land of dwarves. The golden, unfiltered beer of these mythical creatures is crowned by a large, white head. Its taste is pleasantly fruity, spicy, and delicately sweet. The [&hellip;]<\/p>\n","protected":false},"featured_media":7031,"comment_status":"closed","ping_status":"closed","template":"","meta":[],"product_brand":[],"product_cat":[129],"product_tag":[],"class_list":{"0":"post-9009","1":"product","2":"type-product","3":"status-publish","4":"has-post-thumbnail","6":"product_cat-light-beers","8":"first","9":"instock","10":"shipping-taxable","11":"purchasable","12":"product-type-simple"},"aioseo_notices":[],"_links":{"self":[{"href":"https:\/\/www.belgasorozo.com\/en\/wp-json\/wp\/v2\/product\/9009","targetHints":{"allow":["GET"]}}],"collection":[{"href":"https:\/\/www.belgasorozo.com\/en\/wp-json\/wp\/v2\/product"}],"about":[{"href":"https:\/\/www.belgasorozo.com\/en\/wp-json\/wp\/v2\/types\/product"}],"replies":[{"embeddable":true,"href":"https:\/\/www.belgasorozo.com\/en\/wp-json\/wp\/v2\/comments?post=9009"}],"wp:featuredmedia":[{"embeddable":true,"href":"https:\/\/www.belgasorozo.com\/en\/wp-json\/wp\/v2\/media\/7031"}],"wp:attachment":[{"href":"https:\/\/www.belgasorozo.com\/en\/wp-json\/wp\/v2\/media?parent=9009"}],"wp:term":[{"taxonomy":"product_brand","embeddable":true,"href":"https:\/\/www.belgasorozo.com\/en\/wp-json\/wp\/v2\/product_brand?post=9009"},{"taxonomy":"product_cat","embeddable":true,"href":"https:\/\/www.belgasorozo.com\/en\/wp-json\/wp\/v2\/product_cat?post=9009"},{"taxonomy":"product_tag","embeddable":true,"href":"https:\/\/www.belgasorozo.com\/en\/wp-json\/wp\/v2\/product_tag?post=9009"}],"curies":[{"name":"wp","href":"https:\/\/api.w.org\/{rel}","templated":true}]}}