{"id":9014,"date":"2021-05-02T18:49:50","date_gmt":"2021-05-02T18:49:50","guid":{"rendered":"https:\/\/www.belgasorozo.com\/?post_type=product&#038;p=9014"},"modified":"2026-02-21T12:28:49","modified_gmt":"2026-02-21T12:28:49","slug":"leffe-blonde","status":"publish","type":"product","link":"https:\/\/www.belgasorozo.com\/en\/product\/leffe-blonde\/","title":{"rendered":"Leffe Blonde"},"content":{"rendered":"<p><strong><em>6,3% ap\u00e1ts\u00e1gi vil\u00e1gos ale<\/em><\/strong><\/p>\n<p><em>St. Guibert<\/em><\/p>\n<p>Thanks to the lightly roasted malt, this beer has a golden color and a persistent, frothy head. It offers a clean taste without standout elements. Perhaps the mild malt sweetness can be highlighted. A discreet, moderate bitterness emerges in the dry, bitter aftertaste. It&#8217;s characterized by perfect balance and a smooth texture. Compact yet seemingly light, it&#8217;s a friendly beer.<\/p>\n","protected":false},"excerpt":{"rendered":"<p>6,3% ap\u00e1ts\u00e1gi vil\u00e1gos ale St. Guibert Thanks to the lightly roasted malt, this beer has a golden color and a persistent, frothy head. It offers a clean taste without standout elements. Perhaps the mild malt sweetness can be highlighted. A [&hellip;]<\/p>\n","protected":false},"featured_media":7015,"comment_status":"closed","ping_status":"closed","template":"","meta":[],"product_brand":[],"product_cat":[129],"product_tag":[],"class_list":{"0":"post-9014","1":"product","2":"type-product","3":"status-publish","4":"has-post-thumbnail","6":"product_cat-light-beers","8":"first","9":"instock","10":"shipping-taxable","11":"purchasable","12":"product-type-simple"},"aioseo_notices":[],"_links":{"self":[{"href":"https:\/\/www.belgasorozo.com\/en\/wp-json\/wp\/v2\/product\/9014","targetHints":{"allow":["GET"]}}],"collection":[{"href":"https:\/\/www.belgasorozo.com\/en\/wp-json\/wp\/v2\/product"}],"about":[{"href":"https:\/\/www.belgasorozo.com\/en\/wp-json\/wp\/v2\/types\/product"}],"replies":[{"embeddable":true,"href":"https:\/\/www.belgasorozo.com\/en\/wp-json\/wp\/v2\/comments?post=9014"}],"wp:featuredmedia":[{"embeddable":true,"href":"https:\/\/www.belgasorozo.com\/en\/wp-json\/wp\/v2\/media\/7015"}],"wp:attachment":[{"href":"https:\/\/www.belgasorozo.com\/en\/wp-json\/wp\/v2\/media?parent=9014"}],"wp:term":[{"taxonomy":"product_brand","embeddable":true,"href":"https:\/\/www.belgasorozo.com\/en\/wp-json\/wp\/v2\/product_brand?post=9014"},{"taxonomy":"product_cat","embeddable":true,"href":"https:\/\/www.belgasorozo.com\/en\/wp-json\/wp\/v2\/product_cat?post=9014"},{"taxonomy":"product_tag","embeddable":true,"href":"https:\/\/www.belgasorozo.com\/en\/wp-json\/wp\/v2\/product_tag?post=9014"}],"curies":[{"name":"wp","href":"https:\/\/api.w.org\/{rel}","templated":true}]}}