{"id":9041,"date":"2021-05-02T18:50:06","date_gmt":"2021-05-02T18:50:06","guid":{"rendered":"https:\/\/www.belgasorozo.com\/?post_type=product&#038;p=9041"},"modified":"2025-02-01T10:17:42","modified_gmt":"2025-02-01T10:17:42","slug":"tripel-karmeliet-2","status":"publish","type":"product","link":"https:\/\/www.belgasorozo.com\/en\/product\/tripel-karmeliet-2\/","title":{"rendered":"Tripel Karmeliet"},"content":{"rendered":"<h3><em>8,4% ap\u00e1ts\u00e1gi vil\u00e1gos tripel<\/em><\/h3>\n<p>Bosteels S\u00f6rf\u0151zde (1791), Buggenhout, Kelet \u2013Flandria<\/p>\n<p>To brew this beer, three types of grains \u2013 barley, wheat, and oats \u2013 are used. Its head is long-lasting, creamy, and frothy, with a light orange color. Its scent is malty and orangey. It&#8217;s a beautifully balanced beverage in which subtle acids and discreet bitterness are hidden behind the reservedly present, rather high alcohol content. In its pleasantly spicy aftertaste, cloves and cinnamon also mingle. A cleverly enticing drink.<\/p>\n","protected":false},"excerpt":{"rendered":"<p>8,4% ap\u00e1ts\u00e1gi vil\u00e1gos tripel Bosteels S\u00f6rf\u0151zde (1791), Buggenhout, Kelet \u2013Flandria To brew this beer, three types of grains \u2013 barley, wheat, and oats \u2013 are used. Its head is long-lasting, creamy, and frothy, with a light orange color. Its scent [&hellip;]<\/p>\n","protected":false},"featured_media":7024,"comment_status":"closed","ping_status":"closed","template":"","meta":[],"product_brand":[],"product_cat":[129],"product_tag":[],"class_list":{"0":"post-9041","1":"product","2":"type-product","3":"status-publish","4":"has-post-thumbnail","6":"product_cat-light-beers","8":"first","9":"instock","10":"shipping-taxable","11":"purchasable","12":"product-type-simple"},"aioseo_notices":[],"_links":{"self":[{"href":"https:\/\/www.belgasorozo.com\/en\/wp-json\/wp\/v2\/product\/9041","targetHints":{"allow":["GET"]}}],"collection":[{"href":"https:\/\/www.belgasorozo.com\/en\/wp-json\/wp\/v2\/product"}],"about":[{"href":"https:\/\/www.belgasorozo.com\/en\/wp-json\/wp\/v2\/types\/product"}],"replies":[{"embeddable":true,"href":"https:\/\/www.belgasorozo.com\/en\/wp-json\/wp\/v2\/comments?post=9041"}],"wp:featuredmedia":[{"embeddable":true,"href":"https:\/\/www.belgasorozo.com\/en\/wp-json\/wp\/v2\/media\/7024"}],"wp:attachment":[{"href":"https:\/\/www.belgasorozo.com\/en\/wp-json\/wp\/v2\/media?parent=9041"}],"wp:term":[{"taxonomy":"product_brand","embeddable":true,"href":"https:\/\/www.belgasorozo.com\/en\/wp-json\/wp\/v2\/product_brand?post=9041"},{"taxonomy":"product_cat","embeddable":true,"href":"https:\/\/www.belgasorozo.com\/en\/wp-json\/wp\/v2\/product_cat?post=9041"},{"taxonomy":"product_tag","embeddable":true,"href":"https:\/\/www.belgasorozo.com\/en\/wp-json\/wp\/v2\/product_tag?post=9041"}],"curies":[{"name":"wp","href":"https:\/\/api.w.org\/{rel}","templated":true}]}}