{"id":9093,"date":"2021-05-02T18:50:44","date_gmt":"2021-05-02T18:50:44","guid":{"rendered":"https:\/\/www.belgasorozo.com\/?post_type=product&#038;p=9093"},"modified":"2026-02-21T12:25:18","modified_gmt":"2026-02-21T12:25:18","slug":"floris-passion","status":"publish","type":"product","link":"https:\/\/www.belgasorozo.com\/en\/product\/floris-passion\/","title":{"rendered":"Floris Passion"},"content":{"rendered":"<h3><em>3,6% maracuj\u00e1s b\u00fazas\u00f6r<\/em><\/h3>\n<p>Huyghe S\u00f6rf\u0151zde (1654), Melle, Kelet Flandria<\/p>\n<p>The little brother of the previous beer with lower alcoholic content. Its bouquets and flavors are defined by a tropical fruit called passion, in addition, the aromas of pineapple, litchi and mango also appear. A delicacy drink, ladies with a sweet tooth have an advantage!<\/p>\n","protected":false},"excerpt":{"rendered":"<p>3,6% maracuj\u00e1s b\u00fazas\u00f6r Huyghe S\u00f6rf\u0151zde (1654), Melle, Kelet Flandria The little brother of the previous beer with lower alcoholic content. Its bouquets and flavors are defined by a tropical fruit called passion, in addition, the aromas of pineapple, litchi and [&hellip;]<\/p>\n","protected":false},"featured_media":9227,"comment_status":"closed","ping_status":"closed","template":"","meta":[],"product_brand":[],"product_cat":[128],"product_tag":[],"class_list":{"0":"post-9093","1":"product","2":"type-product","3":"status-publish","4":"has-post-thumbnail","6":"product_cat-fruit-beers","8":"first","9":"instock","10":"shipping-taxable","11":"purchasable","12":"product-type-simple"},"aioseo_notices":[],"_links":{"self":[{"href":"https:\/\/www.belgasorozo.com\/en\/wp-json\/wp\/v2\/product\/9093","targetHints":{"allow":["GET"]}}],"collection":[{"href":"https:\/\/www.belgasorozo.com\/en\/wp-json\/wp\/v2\/product"}],"about":[{"href":"https:\/\/www.belgasorozo.com\/en\/wp-json\/wp\/v2\/types\/product"}],"replies":[{"embeddable":true,"href":"https:\/\/www.belgasorozo.com\/en\/wp-json\/wp\/v2\/comments?post=9093"}],"wp:featuredmedia":[{"embeddable":true,"href":"https:\/\/www.belgasorozo.com\/en\/wp-json\/wp\/v2\/media\/9227"}],"wp:attachment":[{"href":"https:\/\/www.belgasorozo.com\/en\/wp-json\/wp\/v2\/media?parent=9093"}],"wp:term":[{"taxonomy":"product_brand","embeddable":true,"href":"https:\/\/www.belgasorozo.com\/en\/wp-json\/wp\/v2\/product_brand?post=9093"},{"taxonomy":"product_cat","embeddable":true,"href":"https:\/\/www.belgasorozo.com\/en\/wp-json\/wp\/v2\/product_cat?post=9093"},{"taxonomy":"product_tag","embeddable":true,"href":"https:\/\/www.belgasorozo.com\/en\/wp-json\/wp\/v2\/product_tag?post=9093"}],"curies":[{"name":"wp","href":"https:\/\/api.w.org\/{rel}","templated":true}]}}