{"id":9111,"date":"2023-05-21T12:37:35","date_gmt":"2023-05-21T12:37:35","guid":{"rendered":"https:\/\/www.belgasorozo.com\/?post_type=product&#038;p=9111"},"modified":"2025-02-01T10:09:27","modified_gmt":"2025-02-01T10:09:27","slug":"liefmans-fruitesse-0","status":"publish","type":"product","link":"https:\/\/www.belgasorozo.com\/en\/product\/liefmans-fruitesse-0\/","title":{"rendered":"Liefmans Fruitesse 0%"},"content":{"rendered":"<h3><em>0% pirosgy\u00fcm\u00f6lcs\u00f6s ale<\/em><\/h3>\n<p>Liefmans S\u00f6rf\u0151zde (1697), Oudenaarde<\/p>\n<p>The clear, transparent, red beer is crowned by light, pink foam. For a moment, its smell takes us back to our young childhood: syrups, candies, and the first encounter with must. This beer spent eighteen months on lees before being blended with strawberry, raspberry and cranberry juice. The ingredients come back from the first sip: the drink is sweet like strawberries, sour like cherries, and the aftertaste is tart like blueberries. Sparkling, refreshingly acidic drink, which will be a favorite of those with a sweet tooth and red fruit fans.<\/p>\n","protected":false},"excerpt":{"rendered":"<p>0% pirosgy\u00fcm\u00f6lcs\u00f6s ale Liefmans S\u00f6rf\u0151zde (1697), Oudenaarde The clear, transparent, red beer is crowned by light, pink foam. For a moment, its smell takes us back to our young childhood: syrups, candies, and the first encounter with must. This beer [&hellip;]<\/p>\n","protected":false},"featured_media":9229,"comment_status":"closed","ping_status":"closed","template":"","meta":[],"product_brand":[],"product_cat":[128],"product_tag":[],"class_list":{"0":"post-9111","1":"product","2":"type-product","3":"status-publish","4":"has-post-thumbnail","6":"product_cat-fruit-beers","8":"first","9":"instock","10":"shipping-taxable","11":"purchasable","12":"product-type-simple"},"aioseo_notices":[],"_links":{"self":[{"href":"https:\/\/www.belgasorozo.com\/en\/wp-json\/wp\/v2\/product\/9111","targetHints":{"allow":["GET"]}}],"collection":[{"href":"https:\/\/www.belgasorozo.com\/en\/wp-json\/wp\/v2\/product"}],"about":[{"href":"https:\/\/www.belgasorozo.com\/en\/wp-json\/wp\/v2\/types\/product"}],"replies":[{"embeddable":true,"href":"https:\/\/www.belgasorozo.com\/en\/wp-json\/wp\/v2\/comments?post=9111"}],"wp:featuredmedia":[{"embeddable":true,"href":"https:\/\/www.belgasorozo.com\/en\/wp-json\/wp\/v2\/media\/9229"}],"wp:attachment":[{"href":"https:\/\/www.belgasorozo.com\/en\/wp-json\/wp\/v2\/media?parent=9111"}],"wp:term":[{"taxonomy":"product_brand","embeddable":true,"href":"https:\/\/www.belgasorozo.com\/en\/wp-json\/wp\/v2\/product_brand?post=9111"},{"taxonomy":"product_cat","embeddable":true,"href":"https:\/\/www.belgasorozo.com\/en\/wp-json\/wp\/v2\/product_cat?post=9111"},{"taxonomy":"product_tag","embeddable":true,"href":"https:\/\/www.belgasorozo.com\/en\/wp-json\/wp\/v2\/product_tag?post=9111"}],"curies":[{"name":"wp","href":"https:\/\/api.w.org\/{rel}","templated":true}]}}