{"id":9122,"date":"2021-05-02T18:50:44","date_gmt":"2021-05-02T18:50:44","guid":{"rendered":"https:\/\/www.belgasorozo.com\/?post_type=product&#038;p=9122"},"modified":"2026-02-21T12:30:29","modified_gmt":"2026-02-21T12:30:29","slug":"mongozo-mango","status":"publish","type":"product","link":"https:\/\/www.belgasorozo.com\/en\/product\/mongozo-mango\/","title":{"rendered":"Mongozo Mango"},"content":{"rendered":"<h3><em>3,6% mang\u00f3s b\u00fazas\u00f6r<\/em><\/h3>\n<p>Huyghe S\u00f6rf\u0151zde (1654), Melle, Kelet-Flandria<\/p>\n<p>Mongozo Mango is the sweet, refreshing flavour of fresh mangos. It is a light beer with a refreshingly fruity flavour.rn rnMongozo Mango is perfect for combining with exotic dishes and is a pleasantly refreshing beer on warm summer evenings. The beer carries the Fairtrade\/Max Havelaar label and has an alcohol content of 3.6% by volume.<\/p>\n","protected":false},"excerpt":{"rendered":"<p>3,6% mang\u00f3s b\u00fazas\u00f6r Huyghe S\u00f6rf\u0151zde (1654), Melle, Kelet-Flandria Mongozo Mango is the sweet, refreshing flavour of fresh mangos. It is a light beer with a refreshingly fruity flavour.rn rnMongozo Mango is perfect for combining with exotic dishes and is a [&hellip;]<\/p>\n","protected":false},"featured_media":8799,"comment_status":"closed","ping_status":"closed","template":"","meta":[],"product_brand":[],"product_cat":[128],"product_tag":[],"class_list":{"0":"post-9122","1":"product","2":"type-product","3":"status-publish","4":"has-post-thumbnail","6":"product_cat-fruit-beers","8":"first","9":"instock","10":"shipping-taxable","11":"purchasable","12":"product-type-simple"},"aioseo_notices":[],"_links":{"self":[{"href":"https:\/\/www.belgasorozo.com\/en\/wp-json\/wp\/v2\/product\/9122","targetHints":{"allow":["GET"]}}],"collection":[{"href":"https:\/\/www.belgasorozo.com\/en\/wp-json\/wp\/v2\/product"}],"about":[{"href":"https:\/\/www.belgasorozo.com\/en\/wp-json\/wp\/v2\/types\/product"}],"replies":[{"embeddable":true,"href":"https:\/\/www.belgasorozo.com\/en\/wp-json\/wp\/v2\/comments?post=9122"}],"wp:featuredmedia":[{"embeddable":true,"href":"https:\/\/www.belgasorozo.com\/en\/wp-json\/wp\/v2\/media\/8799"}],"wp:attachment":[{"href":"https:\/\/www.belgasorozo.com\/en\/wp-json\/wp\/v2\/media?parent=9122"}],"wp:term":[{"taxonomy":"product_brand","embeddable":true,"href":"https:\/\/www.belgasorozo.com\/en\/wp-json\/wp\/v2\/product_brand?post=9122"},{"taxonomy":"product_cat","embeddable":true,"href":"https:\/\/www.belgasorozo.com\/en\/wp-json\/wp\/v2\/product_cat?post=9122"},{"taxonomy":"product_tag","embeddable":true,"href":"https:\/\/www.belgasorozo.com\/en\/wp-json\/wp\/v2\/product_tag?post=9122"}],"curies":[{"name":"wp","href":"https:\/\/api.w.org\/{rel}","templated":true}]}}